{"id":289,"date":"2023-10-03T10:37:50","date_gmt":"2023-10-03T08:37:50","guid":{"rendered":"https:\/\/consultacervantes.com\/?page_id=289"},"modified":"2025-09-16T19:18:27","modified_gmt":"2025-09-16T17:18:27","slug":"reserva-tu-cita-medica","status":"publish","type":"page","link":"https:\/\/consultacervantes.com\/index.php\/reserva-tu-cita-medica\/","title":{"rendered":"reserva tu cita m\u00e9dica"},"content":{"rendered":"\t\t<div data-elementor-type=\"wp-page\" data-elementor-id=\"289\" class=\"elementor elementor-289\">\n\t\t\t\t<div class=\"elementor-element elementor-element-d15977b e-flex e-con-boxed e-con e-parent\" data-id=\"d15977b\" data-element_type=\"container\" data-settings=\"{&quot;background_background&quot;:&quot;classic&quot;}\">\n\t\t\t\t\t<div class=\"e-con-inner\">\n\t\t\t\t<div class=\"elementor-element elementor-element-df35989 elementor-widget elementor-widget-heading\" data-id=\"df35989\" data-element_type=\"widget\" data-widget_type=\"heading.default\">\n\t\t\t\t<div class=\"elementor-widget-container\">\n\t\t\t\t\t<h1 class=\"elementor-heading-title elementor-size-default\">RESERVA TU CITA M\u00c9DICA AHORA<\/h1>\t\t\t\t<\/div>\n\t\t\t\t<\/div>\n\t\t\t\t\t<\/div>\n\t\t\t\t<\/div>\n\t\t<div class=\"elementor-element elementor-element-a6b5279 e-flex e-con-boxed e-con e-parent\" data-id=\"a6b5279\" data-element_type=\"container\">\n\t\t\t\t\t<div class=\"e-con-inner\">\n\t\t<div class=\"elementor-element elementor-element-73a64c7 e-con-full e-flex e-con e-child\" data-id=\"73a64c7\" data-element_type=\"container\" data-settings=\"{&quot;background_background&quot;:&quot;classic&quot;}\">\n\t\t\t\t<\/div>\n\t\t<div class=\"elementor-element elementor-element-0d3995b e-con-full e-flex e-con e-child\" data-id=\"0d3995b\" data-element_type=\"container\">\n\t\t\t\t<div class=\"elementor-element elementor-element-1f7d796 elementor-widget elementor-widget-heading\" data-id=\"1f7d796\" data-element_type=\"widget\" data-widget_type=\"heading.default\">\n\t\t\t\t<div class=\"elementor-widget-container\">\n\t\t\t\t\t<h2 class=\"elementor-heading-title elementor-size-default\">Reservar tu cita m\u00e9dica en Consulta Cervantes es muy sencillo<\/h2>\t\t\t\t<\/div>\n\t\t\t\t<\/div>\n\t\t\t\t<div class=\"elementor-element elementor-element-4052d8a elementor-widget elementor-widget-text-editor\" data-id=\"4052d8a\" data-element_type=\"widget\" data-widget_type=\"text-editor.default\">\n\t\t\t\t<div class=\"elementor-widget-container\">\n\t\t\t\t\t\t\t\t\t<p>Puede llamarnos al <strong>(+34) 952 33 28 02 <\/strong>o tambi\u00e9n al <strong>(+34) 622 29 91 92&nbsp;<\/strong>y le atenderemos directamente para concretar el d\u00eda y la hora que mejor se adapte a sus necesidades.<br>Nuestro horario de atenci\u00f3n telef\u00f3nica es de lunes a viernes de 10:00 a.m a 20:00 p.m horas.<br>Para cualquier duda no olvide que le atenderemos con gusto y se la resolveremos encantadamente por telefono.<br>Recuerda que la reserva telef\u00f3nica es imprescindible antes de acudir a la consulta, ya que trabajamos bajo cita previa.<br>Gracias a esto, podremos brindarle la atenci\u00f3n y trato que se merece.<\/p>\t\t\t\t\t\t\t\t<\/div>\n\t\t\t\t<\/div>\n\t\t\t\t<\/div>\n\t\t\t\t\t<\/div>\n\t\t\t\t<\/div>\n\t\t\t\t<section class=\"elementor-section elementor-top-section elementor-element elementor-element-21k4tua elementor-section-content-middle elementor-hidden-desktop elementor-hidden-tablet elementor-hidden-mobile elementor-section-boxed elementor-section-height-default elementor-section-height-default\" data-id=\"21k4tua\" data-element_type=\"section\" data-settings=\"{&quot;background_background&quot;:&quot;classic&quot;}\">\n\t\t\t\t\t\t\t<div class=\"elementor-background-overlay\"><\/div>\n\t\t\t\t\t\t\t<div class=\"elementor-container elementor-column-gap-no\">\n\t\t\t\t\t<div class=\"elementor-column elementor-col-50 elementor-top-column elementor-element elementor-element-47d11e6\" data-id=\"47d11e6\" data-element_type=\"column\">\n\t\t\t<div class=\"elementor-widget-wrap elementor-element-populated\">\n\t\t\t\t\t\t<div class=\"elementor-element elementor-element-51240be elementor-widget elementor-widget-image\" data-id=\"51240be\" data-element_type=\"widget\" data-widget_type=\"image.default\">\n\t\t\t\t<div class=\"elementor-widget-container\">\n\t\t\t\t\t\t\t\t\t\t\t\t\t\t\t<img fetchpriority=\"high\" decoding=\"async\" width=\"1707\" height=\"2560\" src=\"https:\/\/consultacervantes.com\/wp-content\/uploads\/2023\/10\/pexels-ivan-samkov-4240495-scaled.jpg\" class=\"attachment-full size-full wp-image-1002\" alt=\"\" srcset=\"https:\/\/consultacervantes.com\/wp-content\/uploads\/2023\/10\/pexels-ivan-samkov-4240495-scaled.jpg 1707w, https:\/\/consultacervantes.com\/wp-content\/uploads\/2023\/10\/pexels-ivan-samkov-4240495-200x300.jpg 200w, https:\/\/consultacervantes.com\/wp-content\/uploads\/2023\/10\/pexels-ivan-samkov-4240495-683x1024.jpg 683w, https:\/\/consultacervantes.com\/wp-content\/uploads\/2023\/10\/pexels-ivan-samkov-4240495-768x1152.jpg 768w, https:\/\/consultacervantes.com\/wp-content\/uploads\/2023\/10\/pexels-ivan-samkov-4240495-1024x1536.jpg 1024w, https:\/\/consultacervantes.com\/wp-content\/uploads\/2023\/10\/pexels-ivan-samkov-4240495-1365x2048.jpg 1365w, https:\/\/consultacervantes.com\/wp-content\/uploads\/2023\/10\/pexels-ivan-samkov-4240495-600x900.jpg 600w\" sizes=\"(max-width: 1707px) 100vw, 1707px\" \/>\t\t\t\t\t\t\t\t\t\t\t\t\t\t\t<\/div>\n\t\t\t\t<\/div>\n\t\t\t\t\t<\/div>\n\t\t<\/div>\n\t\t\t\t<div class=\"elementor-column elementor-col-50 elementor-top-column elementor-element elementor-element-e68dcfe\" data-id=\"e68dcfe\" data-element_type=\"column\">\n\t\t\t<div class=\"elementor-widget-wrap elementor-element-populated\">\n\t\t\t\t\t\t<div class=\"elementor-element elementor-element-ff0f137 elementor-widget elementor-widget-heading\" data-id=\"ff0f137\" data-element_type=\"widget\" data-widget_type=\"heading.default\">\n\t\t\t\t<div class=\"elementor-widget-container\">\n\t\t\t\t\t<h2 class=\"elementor-heading-title elementor-size-default\">Reservar tu cita m\u00e9dica en Consulta Cervantes es muy sencillo<\/h2>\t\t\t\t<\/div>\n\t\t\t\t<\/div>\n\t\t\t\t<div class=\"elementor-element elementor-element-72da1a5 elementor-widget elementor-widget-text-editor\" data-id=\"72da1a5\" data-element_type=\"widget\" data-widget_type=\"text-editor.default\">\n\t\t\t\t<div class=\"elementor-widget-container\">\n\t\t\t\t\t\t\t\t\t<p>Puede llamarnos al <strong>952 33 28 02<\/strong> o tambi\u00e9n al <strong>622 29 91 92<\/strong> y le atenderemos directamente para concretar el d\u00eda y la hora que mejor se adapte a sus necesidades.<br \/>Nuestro horario de atenci\u00f3n telef\u00f3nica es de lunes a viernes de 15:00 a 20:00 horas.<br \/>Para cualquier duda no olvide que le atenderemos con gusto y se la resolveremos encantadamente por telefono.<br \/>Recuerda que la reserva telef\u00f3nica es imprescindible antes de acudir a la consulta, ya que trabajamos bajo cita previa. <br \/>Gracias a esto, podremos brindarle la atenci\u00f3n y trato que se merece.<\/p>\t\t\t\t\t\t\t\t<\/div>\n\t\t\t\t<\/div>\n\t\t\t\t\t<\/div>\n\t\t<\/div>\n\t\t\t\t\t<\/div>\n\t\t<\/section>\n\t\t<div class=\"elementor-element elementor-element-c4d82bc e-flex e-con-boxed e-con e-parent\" data-id=\"c4d82bc\" data-element_type=\"container\">\n\t\t\t\t\t<div class=\"e-con-inner\">\n\t\t<div class=\"elementor-element elementor-element-00e5a36 e-con-full e-flex e-con e-child\" data-id=\"00e5a36\" data-element_type=\"container\">\n\t\t\t\t<div class=\"elementor-element elementor-element-86e615f elementor-widget elementor-widget-text-editor\" data-id=\"86e615f\" data-element_type=\"widget\" data-widget_type=\"text-editor.default\">\n\t\t\t\t<div class=\"elementor-widget-container\">\n\t\t\t\t\t\t\t\t\t<p style=\"text-align: center;\">En el caso de querer una cita de manera telef\u00f3nica u online, tambi\u00e9n deber\u00e1 de reservar su cita a trav\u00e9<span style=\"color: var( --e-global-color-primary ); text-align: var(--text-align); letter-spacing: 0px;\">s de nuestro tel\u00e9fono antes mencionado. En Consulta Cervantes contamos con las medidas sanitarias necesarias para garantizar tu seguridad en todo momento.\u00a0<\/span><\/p>\t\t\t\t\t\t\t\t<\/div>\n\t\t\t\t<\/div>\n\t\t\t\t<\/div>\n\t\t<div class=\"elementor-element elementor-element-4487b30 e-con-full e-flex e-con e-child\" data-id=\"4487b30\" data-element_type=\"container\" data-settings=\"{&quot;background_background&quot;:&quot;classic&quot;}\">\n\t\t\t\t<\/div>\n\t\t\t\t\t<\/div>\n\t\t\t\t<\/div>\n\t\t<div class=\"elementor-element elementor-element-b8496e3 e-flex e-con-boxed e-con e-parent\" data-id=\"b8496e3\" data-element_type=\"container\">\n\t\t\t\t\t<div class=\"e-con-inner\">\n\t\t\t\t<div class=\"elementor-element elementor-element-144d7d3 elementor-widget elementor-widget-heading\" data-id=\"144d7d3\" data-element_type=\"widget\" data-widget_type=\"heading.default\">\n\t\t\t\t<div class=\"elementor-widget-container\">\n\t\t\t\t\t<h2 class=\"elementor-heading-title elementor-size-default\">No lo dudes m\u00e1s y reserva ahora tu cita en Consulta Cervantes. Estaremos encantados de ayudarte a recuperar tu salud y bienestar de forma natural.<\/h2>\t\t\t\t<\/div>\n\t\t\t\t<\/div>\n\t\t\t\t\t<\/div>\n\t\t\t\t<\/div>\n\t\t\t\t<\/div>\n\t\t","protected":false},"excerpt":{"rendered":"<p>RESERVA TU CITA M\u00c9DICA AHORA Reservar tu cita m\u00e9dica en Consulta Cervantes es muy sencillo Puede llamarnos al (+34) 952 33 28 02 o tambi\u00e9n al (+34) 622 29 91 92&nbsp;y le atenderemos directamente para concretar el d\u00eda y la hora que mejor se adapte a sus necesidades.Nuestro horario de atenci\u00f3n telef\u00f3nica es de lunes [&hellip;]<\/p>\n","protected":false},"author":1,"featured_media":0,"parent":0,"menu_order":0,"comment_status":"closed","ping_status":"closed","template":"","meta":{"_joinchat":[],"footnotes":""},"_links":{"self":[{"href":"https:\/\/consultacervantes.com\/index.php\/wp-json\/wp\/v2\/pages\/289"}],"collection":[{"href":"https:\/\/consultacervantes.com\/index.php\/wp-json\/wp\/v2\/pages"}],"about":[{"href":"https:\/\/consultacervantes.com\/index.php\/wp-json\/wp\/v2\/types\/page"}],"author":[{"embeddable":true,"href":"https:\/\/consultacervantes.com\/index.php\/wp-json\/wp\/v2\/users\/1"}],"replies":[{"embeddable":true,"href":"https:\/\/consultacervantes.com\/index.php\/wp-json\/wp\/v2\/comments?post=289"}],"version-history":[{"count":146,"href":"https:\/\/consultacervantes.com\/index.php\/wp-json\/wp\/v2\/pages\/289\/revisions"}],"predecessor-version":[{"id":1796,"href":"https:\/\/consultacervantes.com\/index.php\/wp-json\/wp\/v2\/pages\/289\/revisions\/1796"}],"wp:attachment":[{"href":"https:\/\/consultacervantes.com\/index.php\/wp-json\/wp\/v2\/media?parent=289"}],"curies":[{"name":"wp","href":"https:\/\/api.w.org\/{rel}","templated":true}]}}