{"id":1713,"date":"2025-09-15T21:06:41","date_gmt":"2025-09-15T19:06:41","guid":{"rendered":"https:\/\/consultacervantes.com\/?page_id=1713"},"modified":"2025-09-16T19:11:21","modified_gmt":"2025-09-16T17:11:21","slug":"auriculoterapia","status":"publish","type":"page","link":"https:\/\/consultacervantes.com\/index.php\/auriculoterapia\/","title":{"rendered":"Auriculoterapia"},"content":{"rendered":"\t\t<div data-elementor-type=\"wp-page\" data-elementor-id=\"1713\" class=\"elementor elementor-1713\">\n\t\t\t\t<div class=\"elementor-element elementor-element-4df9b04 e-flex e-con-boxed e-con e-parent\" data-id=\"4df9b04\" data-element_type=\"container\">\n\t\t\t\t\t<div class=\"e-con-inner\">\n\t\t\t\t<div class=\"elementor-element elementor-element-e5fb432 elementor-widget elementor-widget-heading\" data-id=\"e5fb432\" data-element_type=\"widget\" data-widget_type=\"heading.default\">\n\t\t\t\t<div class=\"elementor-widget-container\">\n\t\t\t\t\t<h2 class=\"elementor-heading-title elementor-size-default\">Auriculoterapia en M\u00e1laga | Terapia Natural para el Bienestar\n<\/h2>\t\t\t\t<\/div>\n\t\t\t\t<\/div>\n\t\t\t\t<div class=\"elementor-element elementor-element-24c6651 elementor-widget elementor-widget-image\" data-id=\"24c6651\" data-element_type=\"widget\" data-widget_type=\"image.default\">\n\t\t\t\t<div class=\"elementor-widget-container\">\n\t\t\t\t\t\t\t\t\t\t\t\t\t\t\t<img fetchpriority=\"high\" decoding=\"async\" width=\"1536\" height=\"1024\" src=\"https:\/\/consultacervantes.com\/wp-content\/uploads\/2025\/09\/Auriculoterapia-en-Malaga.png\" class=\"attachment-kava-thumb-xl size-kava-thumb-xl wp-image-1792\" alt=\"Auriculoterapia en M\u00e1laga\" srcset=\"https:\/\/consultacervantes.com\/wp-content\/uploads\/2025\/09\/Auriculoterapia-en-Malaga.png 1536w, https:\/\/consultacervantes.com\/wp-content\/uploads\/2025\/09\/Auriculoterapia-en-Malaga-300x200.png 300w, https:\/\/consultacervantes.com\/wp-content\/uploads\/2025\/09\/Auriculoterapia-en-Malaga-1024x683.png 1024w, https:\/\/consultacervantes.com\/wp-content\/uploads\/2025\/09\/Auriculoterapia-en-Malaga-768x512.png 768w, https:\/\/consultacervantes.com\/wp-content\/uploads\/2025\/09\/Auriculoterapia-en-Malaga-600x400.png 600w\" sizes=\"(max-width: 1536px) 100vw, 1536px\" \/>\t\t\t\t\t\t\t\t\t\t\t\t\t\t\t<\/div>\n\t\t\t\t<\/div>\n\t\t\t\t<div class=\"elementor-element elementor-element-f18c5c6 elementor-widget elementor-widget-text-editor\" data-id=\"f18c5c6\" data-element_type=\"widget\" data-widget_type=\"text-editor.default\">\n\t\t\t\t<div class=\"elementor-widget-container\">\n\t\t\t\t\t\t\t\t\t<p data-start=\"325\" data-end=\"544\">En <strong data-start=\"352\" data-end=\"384\">Consulta Cervantes en M\u00e1laga<\/strong>, ofrecemos la <strong data-start=\"399\" data-end=\"418\">auriculoterapia<\/strong>, una t\u00e9cnica natural que utiliza puntos espec\u00edficos de la oreja para tratar dolores, ansiedad y desequilibrios emocionales.<\/p><p data-start=\"546\" data-end=\"786\">La <strong data-start=\"586\" data-end=\"615\">auriculoterapia en M\u00e1laga<\/strong> se basa en la medicina tradicional china y considera la oreja como un mapa del cuerpo. Al estimular puntos concretos, se pueden mejorar funciones f\u00edsicas y emocionales.<\/p><p data-start=\"788\" data-end=\"1000\">Este tratamiento natural ayuda a <strong data-start=\"855\" data-end=\"997\">reducir el estr\u00e9s, aliviar dolores musculares y articulares, mejorar el sue\u00f1o, apoyar dietas de control de peso y equilibrar las emociones<\/strong>.<\/p><p data-start=\"1002\" data-end=\"1216\">En nuestro centro, la auriculoterapia se combina con <strong data-start=\"1089\" data-end=\"1132\">acupuntura, digitopuntura y fitoterapia<\/strong>, creando un plan integral para potenciar los resultados en la salud del paciente.<\/p><p data-start=\"1218\" data-end=\"1455\">En <strong data-start=\"1263\" data-end=\"1285\">Consulta Cervantes<\/strong> trabajamos con un enfoque humano y personalizado. Escuchamos tus necesidades y aplicamos la auriculoterapia como una terapia natural y segura, adaptada a cada persona.<\/p><p data-start=\"1457\" data-end=\"1650\">Recupera tu bienestar f\u00edsico y emocional. Agenda tu consulta de <strong data-start=\"1548\" data-end=\"1577\">auriculoterapia en M\u00e1laga<\/strong> y descubre los beneficios de esta t\u00e9cnica reconocida en todo el mundo.<\/p>\t\t\t\t\t\t\t\t<\/div>\n\t\t\t\t<\/div>\n\t\t\t\t\t<\/div>\n\t\t\t\t<\/div>\n\t\t<div class=\"elementor-element elementor-element-589d347 e-flex e-con-boxed e-con e-parent\" data-id=\"589d347\" data-element_type=\"container\">\n\t\t\t\t\t<div class=\"e-con-inner\">\n\t\t\t\t<div class=\"elementor-element elementor-element-2344d9d elementor-widget elementor-widget-heading\" data-id=\"2344d9d\" data-element_type=\"widget\" data-widget_type=\"heading.default\">\n\t\t\t\t<div class=\"elementor-widget-container\">\n\t\t\t\t\t<h2 class=\"elementor-heading-title elementor-size-default\">Preguntas frecuentes<\/h2>\t\t\t\t<\/div>\n\t\t\t\t<\/div>\n\t\t\t\t<div class=\"elementor-element elementor-element-70f30a1 elementor-widget elementor-widget-eael-adv-accordion\" data-id=\"70f30a1\" data-element_type=\"widget\" data-widget_type=\"eael-adv-accordion.default\">\n\t\t\t\t<div class=\"elementor-widget-container\">\n\t\t\t\t\t            <div class=\"eael-adv-accordion\" id=\"eael-adv-accordion-70f30a1\" data-scroll-on-click=\"no\" data-scroll-speed=\"300\" data-accordion-id=\"70f30a1\" data-accordion-type=\"accordion\" data-toogle-speed=\"300\">\n            <div class=\"eael-accordion-list\">\n\t\t\t\t\t<div id=\"qu-es-la-auriculoterapia-y-cmo-funciona\" class=\"elementor-tab-title eael-accordion-header\" tabindex=\"0\" data-tab=\"1\" aria-controls=\"elementor-tab-content-1181\"><span class=\"eael-advanced-accordion-icon-closed\"><i aria-hidden=\"true\" class=\"fa-accordion-icon fas fa-plus\"><\/i><\/span><span class=\"eael-advanced-accordion-icon-opened\"><i aria-hidden=\"true\" class=\"fa-accordion-icon fas fa-minus\"><\/i><\/span><span class=\"eael-accordion-tab-title\">\u00bfQu\u00e9 es la auriculoterapia y c\u00f3mo funciona?<\/span><i aria-hidden=\"true\" class=\"fa-toggle fas fa-angle-right\"><\/i><\/div><div id=\"elementor-tab-content-1181\" class=\"eael-accordion-content clearfix\" data-tab=\"1\" aria-labelledby=\"qu-es-la-auriculoterapia-y-cmo-funciona\"><p>Es una t\u00e9cnica natural que estimula puntos de la oreja conectados con diferentes \u00f3rganos, favoreciendo la recuperaci\u00f3n del equilibrio f\u00edsico y emocional.<\/p><p>\u00a0<\/p><\/div>\n\t\t\t\t\t<\/div><div class=\"eael-accordion-list\">\n\t\t\t\t\t<div id=\"la-auriculoterapia-es-dolorosa\" class=\"elementor-tab-title eael-accordion-header\" tabindex=\"0\" data-tab=\"2\" aria-controls=\"elementor-tab-content-1182\"><span class=\"eael-advanced-accordion-icon-closed\"><i aria-hidden=\"true\" class=\"fa-accordion-icon fas fa-plus\"><\/i><\/span><span class=\"eael-advanced-accordion-icon-opened\"><i aria-hidden=\"true\" class=\"fa-accordion-icon fas fa-minus\"><\/i><\/span><span class=\"eael-accordion-tab-title\">\u00bfLa auriculoterapia es dolorosa?<\/span><i aria-hidden=\"true\" class=\"fa-toggle fas fa-angle-right\"><\/i><\/div><div id=\"elementor-tab-content-1182\" class=\"eael-accordion-content clearfix\" data-tab=\"2\" aria-labelledby=\"la-auriculoterapia-es-dolorosa\"><p>No, es una terapia indolora y segura. Se utilizan semillas, imanes o peque\u00f1as presiones para estimular los puntos reflejos de la oreja.<\/p><p>\u00a0<\/p><\/div>\n\t\t\t\t\t<\/div><div class=\"eael-accordion-list\">\n\t\t\t\t\t<div id=\"qu-problemas-trata-la-auriculoterapia\" class=\"elementor-tab-title eael-accordion-header\" tabindex=\"0\" data-tab=\"3\" aria-controls=\"elementor-tab-content-1183\"><span class=\"eael-advanced-accordion-icon-closed\"><i aria-hidden=\"true\" class=\"fa-accordion-icon fas fa-plus\"><\/i><\/span><span class=\"eael-advanced-accordion-icon-opened\"><i aria-hidden=\"true\" class=\"fa-accordion-icon fas fa-minus\"><\/i><\/span><span class=\"eael-accordion-tab-title\">\u00bfQu\u00e9 problemas trata la auriculoterapia?<\/span><i aria-hidden=\"true\" class=\"fa-toggle fas fa-angle-right\"><\/i><\/div><div id=\"elementor-tab-content-1183\" class=\"eael-accordion-content clearfix\" data-tab=\"3\" aria-labelledby=\"qu-problemas-trata-la-auriculoterapia\"><p>Es eficaz para ansiedad, estr\u00e9s, dolores cr\u00f3nicos, insomnio, adicciones y control de peso.<\/p><p>\u00a0<\/p><\/div>\n\t\t\t\t\t<\/div><div class=\"eael-accordion-list\">\n\t\t\t\t\t<div id=\"cuntas-sesiones-se-necesitan\" class=\"elementor-tab-title eael-accordion-header\" tabindex=\"0\" data-tab=\"4\" aria-controls=\"elementor-tab-content-1184\"><span class=\"eael-advanced-accordion-icon-closed\"><i aria-hidden=\"true\" class=\"fa-accordion-icon fas fa-plus\"><\/i><\/span><span class=\"eael-advanced-accordion-icon-opened\"><i aria-hidden=\"true\" class=\"fa-accordion-icon fas fa-minus\"><\/i><\/span><span class=\"eael-accordion-tab-title\">\u00bfCu\u00e1ntas sesiones se necesitan?<\/span><i aria-hidden=\"true\" class=\"fa-toggle fas fa-angle-right\"><\/i><\/div><div id=\"elementor-tab-content-1184\" class=\"eael-accordion-content clearfix\" data-tab=\"4\" aria-labelledby=\"cuntas-sesiones-se-necesitan\"><p>Depende de cada persona, pero muchos pacientes sienten alivio desde la primera o segunda sesi\u00f3n.<\/p><p>\u00a0<\/p><\/div>\n\t\t\t\t\t<\/div><div class=\"eael-accordion-list\">\n\t\t\t\t\t<div id=\"dnde-puedo-recibir-auriculoterapia-en-mlaga\" class=\"elementor-tab-title eael-accordion-header\" tabindex=\"0\" data-tab=\"5\" aria-controls=\"elementor-tab-content-1185\"><span class=\"eael-advanced-accordion-icon-closed\"><i aria-hidden=\"true\" class=\"fa-accordion-icon fas fa-plus\"><\/i><\/span><span class=\"eael-advanced-accordion-icon-opened\"><i aria-hidden=\"true\" class=\"fa-accordion-icon fas fa-minus\"><\/i><\/span><span class=\"eael-accordion-tab-title\">\u00bfD\u00f3nde puedo recibir auriculoterapia en M\u00e1laga?<\/span><i aria-hidden=\"true\" class=\"fa-toggle fas fa-angle-right\"><\/i><\/div><div id=\"elementor-tab-content-1185\" class=\"eael-accordion-content clearfix\" data-tab=\"5\" aria-labelledby=\"dnde-puedo-recibir-auriculoterapia-en-mlaga\"><p>En <strong>Consulta Cervantes<\/strong>, ofrecemos <strong>auriculoterapia en M\u00e1laga<\/strong> con un enfoque profesional, humano y adaptado a tus necesidades.<\/p><\/div>\n\t\t\t\t\t<\/div><\/div>\t\t\t\t<\/div>\n\t\t\t\t<\/div>\n\t\t\t\t\t<\/div>\n\t\t\t\t<\/div>\n\t\t\t\t<\/div>\n\t\t","protected":false},"excerpt":{"rendered":"<p>Auriculoterapia en M\u00e1laga | Terapia Natural para el Bienestar En Consulta Cervantes en M\u00e1laga, ofrecemos la auriculoterapia, una t\u00e9cnica natural que utiliza puntos espec\u00edficos de la oreja para tratar dolores, ansiedad y desequilibrios emocionales. La auriculoterapia en M\u00e1laga se basa en la medicina tradicional china y considera la oreja como un mapa del cuerpo. Al [&hellip;]<\/p>\n","protected":false},"author":1,"featured_media":0,"parent":0,"menu_order":0,"comment_status":"closed","ping_status":"closed","template":"elementor_header_footer","meta":{"_joinchat":[],"footnotes":""},"_links":{"self":[{"href":"https:\/\/consultacervantes.com\/index.php\/wp-json\/wp\/v2\/pages\/1713"}],"collection":[{"href":"https:\/\/consultacervantes.com\/index.php\/wp-json\/wp\/v2\/pages"}],"about":[{"href":"https:\/\/consultacervantes.com\/index.php\/wp-json\/wp\/v2\/types\/page"}],"author":[{"embeddable":true,"href":"https:\/\/consultacervantes.com\/index.php\/wp-json\/wp\/v2\/users\/1"}],"replies":[{"embeddable":true,"href":"https:\/\/consultacervantes.com\/index.php\/wp-json\/wp\/v2\/comments?post=1713"}],"version-history":[{"count":10,"href":"https:\/\/consultacervantes.com\/index.php\/wp-json\/wp\/v2\/pages\/1713\/revisions"}],"predecessor-version":[{"id":1795,"href":"https:\/\/consultacervantes.com\/index.php\/wp-json\/wp\/v2\/pages\/1713\/revisions\/1795"}],"wp:attachment":[{"href":"https:\/\/consultacervantes.com\/index.php\/wp-json\/wp\/v2\/media?parent=1713"}],"curies":[{"name":"wp","href":"https:\/\/api.w.org\/{rel}","templated":true}]}}