{"id":17,"date":"2023-10-02T11:09:27","date_gmt":"2023-10-02T09:09:27","guid":{"rendered":"https:\/\/consultacervantes.com\/?page_id=17"},"modified":"2025-09-16T19:17:08","modified_gmt":"2025-09-16T17:17:08","slug":"sobre-nosotros","status":"publish","type":"page","link":"https:\/\/consultacervantes.com\/index.php\/sobre-nosotros\/","title":{"rendered":"Sobre nosotros"},"content":{"rendered":"\t\t<div data-elementor-type=\"wp-page\" data-elementor-id=\"17\" class=\"elementor elementor-17\">\n\t\t\t\t<div class=\"elementor-element elementor-element-7c4d4b1 e-flex e-con-boxed e-con e-parent\" data-id=\"7c4d4b1\" data-element_type=\"container\">\n\t\t\t\t\t<div class=\"e-con-inner\">\n\t\t\t\t<div class=\"elementor-element elementor-element-7d575a7 elementor-widget elementor-widget-heading\" data-id=\"7d575a7\" data-element_type=\"widget\" data-widget_type=\"heading.default\">\n\t\t\t\t<div class=\"elementor-widget-container\">\n\t\t\t\t\t<h1 class=\"elementor-heading-title elementor-size-default\">Sobre Nosotros \u2013 Consulta Cervantes M\u00e1laga, Medicina Integrativa<\/h1>\t\t\t\t<\/div>\n\t\t\t\t<\/div>\n\t\t\t\t<div class=\"elementor-element elementor-element-c40efdf elementor-widget elementor-widget-image\" data-id=\"c40efdf\" data-element_type=\"widget\" data-widget_type=\"image.default\">\n\t\t\t\t<div class=\"elementor-widget-container\">\n\t\t\t\t\t\t\t\t\t\t\t\t\t\t\t<img fetchpriority=\"high\" decoding=\"async\" width=\"635\" height=\"358\" src=\"https:\/\/consultacervantes.com\/wp-content\/uploads\/2023\/12\/evolucion.webp\" class=\"attachment-kava-thumb-xl size-kava-thumb-xl wp-image-1456\" alt=\"\" srcset=\"https:\/\/consultacervantes.com\/wp-content\/uploads\/2023\/12\/evolucion.webp 635w, https:\/\/consultacervantes.com\/wp-content\/uploads\/2023\/12\/evolucion-300x169.webp 300w, https:\/\/consultacervantes.com\/wp-content\/uploads\/2023\/12\/evolucion-150x85.webp 150w, https:\/\/consultacervantes.com\/wp-content\/uploads\/2023\/12\/evolucion-600x338.webp 600w\" sizes=\"(max-width: 635px) 100vw, 635px\" \/>\t\t\t\t\t\t\t\t\t\t\t\t\t\t\t<\/div>\n\t\t\t\t<\/div>\n\t\t\t\t<div class=\"elementor-element elementor-element-8afb13e elementor-widget elementor-widget-text-editor\" data-id=\"8afb13e\" data-element_type=\"widget\" data-widget_type=\"text-editor.default\">\n\t\t\t\t<div class=\"elementor-widget-container\">\n\t\t\t\t\t\t\t\t\t<p>En el mundo de la naturopat\u00eda, el nombre de Don Jos\u00e9 Cervantes brilla con un prestigio inigualable. Durante m\u00e1s de 50 a\u00f1os de dedicaci\u00f3n inquebrantable a esta profesi\u00f3n, Don Jos\u00e9 ha dejado una huella imborrable en la vida de miles de personas. Su legado en el campo de la medicina natural es un testimonio de compromiso, pasi\u00f3n y un profundo deseo de ayudar a otros a alcanzar la salud y el bienestar.<\/p><p>Don Jos\u00e9 comenz\u00f3 su viaje en la naturopat\u00eda hace d\u00e9cadas, cuando esta disciplina estaba en sus primeros pasos en la sociedad. A lo largo de su carrera, no solo vio crecer la naturopat\u00eda, sino que tambi\u00e9n contribuy\u00f3 significativamente a su evoluci\u00f3n y reconocimiento en el mundo de la salud. Siempre junto a su gran esposa Do\u00f1a Mar\u00eda Herrera, una mujer excepcional, quien lo ha apoyado y alentado a lo largo de su vida.<\/p><p>Con una mente curiosa y un coraz\u00f3n generoso, Don Jos\u00e9 se convirti\u00f3 en un defensor incansable de enfoques hol\u00edsticos para la salud, incluyendo la nutrici\u00f3n, la herbolog\u00eda y la terapia f\u00edsica.<\/p><p>Lo que distingui\u00f3 a Don Jos\u00e9 de otros natur\u00f3patas fue su compromiso con sus pacientes. Durante d\u00e9cadas, se dedic\u00f3 a escuchar a cada persona que entraba en su consulta, buscando comprender sus necesidades \u00fanicas y dise\u00f1ar tratamientos personalizados con el fin de mejorar su salud y su calidad de vida. Su empat\u00eda logr\u00f3 trascender las paredes de su consulta, gan\u00e1ndose la confianza y el cari\u00f1o de todos aquellos que tuvieron la fortuna de cruzarse en su camino.<\/p><p>Un cap\u00edtulo importante en la historia de Don Jos\u00e9 es su colaboraci\u00f3n con su nieto, Don Francisco Cervantes. Durante 10 a\u00f1os, Don Jos\u00e9 comparti\u00f3 su vasto conocimiento y experiencia con su nieto, prepar\u00e1ndolo para continuar con el legado familiar en el campo de la naturopat\u00eda.<\/p><p>Hoy en d\u00eda, el legado de Don Jos\u00e9 perdura en la &#8220;Consulta Cervantes&#8221;, donde su nieto Don Francisco Cervantes sigue brindando atenci\u00f3n de primera clase a los pacientes. Buscando restaurar el equilibrio y la armon\u00eda en el cuerpo, aprovechando los recursos que la naturaleza nos brinda para promover la salud y el bienestar de manera segura y efectiva.<\/p>\t\t\t\t\t\t\t\t<\/div>\n\t\t\t\t<\/div>\n\t\t\t\t\t<\/div>\n\t\t\t\t<\/div>\n\t\t\t\t<\/div>\n\t\t","protected":false},"excerpt":{"rendered":"<p>Sobre Nosotros \u2013 Consulta Cervantes M\u00e1laga, Medicina Integrativa En el mundo de la naturopat\u00eda, el nombre de Don Jos\u00e9 Cervantes brilla con un prestigio inigualable. Durante m\u00e1s de 50 a\u00f1os de dedicaci\u00f3n inquebrantable a esta profesi\u00f3n, Don Jos\u00e9 ha dejado una huella imborrable en la vida de miles de personas. Su legado en el campo [&hellip;]<\/p>\n","protected":false},"author":1,"featured_media":0,"parent":0,"menu_order":0,"comment_status":"closed","ping_status":"closed","template":"","meta":{"_joinchat":[],"footnotes":""},"_links":{"self":[{"href":"https:\/\/consultacervantes.com\/index.php\/wp-json\/wp\/v2\/pages\/17"}],"collection":[{"href":"https:\/\/consultacervantes.com\/index.php\/wp-json\/wp\/v2\/pages"}],"about":[{"href":"https:\/\/consultacervantes.com\/index.php\/wp-json\/wp\/v2\/types\/page"}],"author":[{"embeddable":true,"href":"https:\/\/consultacervantes.com\/index.php\/wp-json\/wp\/v2\/users\/1"}],"replies":[{"embeddable":true,"href":"https:\/\/consultacervantes.com\/index.php\/wp-json\/wp\/v2\/comments?post=17"}],"version-history":[{"count":29,"href":"https:\/\/consultacervantes.com\/index.php\/wp-json\/wp\/v2\/pages\/17\/revisions"}],"predecessor-version":[{"id":1775,"href":"https:\/\/consultacervantes.com\/index.php\/wp-json\/wp\/v2\/pages\/17\/revisions\/1775"}],"wp:attachment":[{"href":"https:\/\/consultacervantes.com\/index.php\/wp-json\/wp\/v2\/media?parent=17"}],"curies":[{"name":"wp","href":"https:\/\/api.w.org\/{rel}","templated":true}]}}