{"id":1696,"date":"2025-09-15T20:49:01","date_gmt":"2025-09-15T18:49:01","guid":{"rendered":"https:\/\/consultacervantes.com\/?page_id=1696"},"modified":"2025-09-19T21:44:08","modified_gmt":"2025-09-19T19:44:08","slug":"fitoterapia","status":"publish","type":"page","link":"https:\/\/consultacervantes.com\/index.php\/fitoterapia\/","title":{"rendered":"Fitoterapia"},"content":{"rendered":"\t\t<div data-elementor-type=\"wp-page\" data-elementor-id=\"1696\" class=\"elementor elementor-1696\">\n\t\t\t\t<div class=\"elementor-element elementor-element-a0d3ac3 e-flex e-con-boxed e-con e-parent\" data-id=\"a0d3ac3\" data-element_type=\"container\">\n\t\t\t\t\t<div class=\"e-con-inner\">\n\t\t\t\t<div class=\"elementor-element elementor-element-7b6d09d elementor-widget elementor-widget-heading\" data-id=\"7b6d09d\" data-element_type=\"widget\" data-widget_type=\"heading.default\">\n\t\t\t\t<div class=\"elementor-widget-container\">\n\t\t\t\t\t<h2 class=\"elementor-heading-title elementor-size-default\">Fitoterapia en M\u00e1laga | Tratamientos con Plantas Naturales\n<\/h2>\t\t\t\t<\/div>\n\t\t\t\t<\/div>\n\t\t\t\t<div class=\"elementor-element elementor-element-3a04502 elementor-widget elementor-widget-image\" data-id=\"3a04502\" data-element_type=\"widget\" data-widget_type=\"image.default\">\n\t\t\t\t<div class=\"elementor-widget-container\">\n\t\t\t\t\t\t\t\t\t\t\t\t\t\t\t<img fetchpriority=\"high\" decoding=\"async\" width=\"600\" height=\"388\" src=\"https:\/\/consultacervantes.com\/wp-content\/uploads\/2025\/09\/Tratamientos-con-Plantas-Naturales-Fitoterapia-en-Malaga.webp\" class=\"attachment-kava-thumb-xl size-kava-thumb-xl wp-image-1782\" alt=\"Tratamientos con Plantas Naturales - Fitoterapia en M\u00e1laga\" srcset=\"https:\/\/consultacervantes.com\/wp-content\/uploads\/2025\/09\/Tratamientos-con-Plantas-Naturales-Fitoterapia-en-Malaga.webp 600w, https:\/\/consultacervantes.com\/wp-content\/uploads\/2025\/09\/Tratamientos-con-Plantas-Naturales-Fitoterapia-en-Malaga-300x194.webp 300w\" sizes=\"(max-width: 600px) 100vw, 600px\" \/>\t\t\t\t\t\t\t\t\t\t\t\t\t\t\t<\/div>\n\t\t\t\t<\/div>\n\t\t\t\t<div class=\"elementor-element elementor-element-d7a9724 elementor-widget elementor-widget-text-editor\" data-id=\"d7a9724\" data-element_type=\"widget\" data-widget_type=\"text-editor.default\">\n\t\t\t\t<div class=\"elementor-widget-container\">\n\t\t\t\t\t\t\t\t\t<p data-start=\"323\" data-end=\"683\">En <strong data-start=\"326\" data-end=\"358\">Consulta Cervantes en M\u00e1laga<\/strong>, nuestro especialista <strong data-start=\"381\" data-end=\"405\">fitoterapeuta m\u00e1laga<\/strong> aplica la fitoterapia como una terapia natural basada en el uso de plantas medicinales para prevenir, aliviar y tratar diferentes desequilibrios de salud. Con a\u00f1os de experiencia y formaci\u00f3n en terapias naturales, ofrecemos un enfoque profesional y seguro para cada paciente.<\/p><p data-start=\"685\" data-end=\"1048\">La <strong data-start=\"688\" data-end=\"713\">fitoterapia en M\u00e1laga<\/strong> aprovecha las propiedades de hierbas y extractos naturales, ofreciendo un tratamiento eficaz, integral y sin efectos secundarios agresivos. Gracias al trabajo de un <strong data-start=\"879\" data-end=\"903\">fitoterapeuta m\u00e1laga<\/strong> cualificado, cada plan de salud se adapta a las necesidades espec\u00edficas de la persona, integrando conocimientos m\u00e9dicos y pr\u00e1cticas naturales.<\/p><p data-start=\"1050\" data-end=\"1427\">Este tratamiento natural ayuda a reforzar el sistema inmunol\u00f3gico, mejorar la digesti\u00f3n, controlar la ansiedad, equilibrar el metabolismo y favorecer el bienestar emocional. Adem\u00e1s, nuestro <strong data-start=\"1240\" data-end=\"1264\">fitoterapeuta m\u00e1laga<\/strong> combina esta t\u00e9cnica con otras terapias como homeopat\u00eda, iridolog\u00eda o dietas personalizadas, creando un plan integral que atiende tanto el cuerpo como la mente.<\/p><p data-start=\"1429\" data-end=\"1740\">En <strong data-start=\"1432\" data-end=\"1454\">Consulta Cervantes<\/strong> cada paciente recibe una valoraci\u00f3n detallada y un acompa\u00f1amiento continuo, con el objetivo de lograr resultados duraderos y mejorar la calidad de vida. Con un trato cercano, profesionalidad y experiencia, garantizamos un enfoque respetuoso y confiable en cada sesi\u00f3n de fitoterapia.<\/p><p data-start=\"1742\" data-end=\"1925\">Recupera tu equilibrio de forma natural. Agenda tu cita de <strong data-start=\"1801\" data-end=\"1826\">fitoterapia en M\u00e1laga<\/strong> y descubre c\u00f3mo las plantas medicinales pueden transformar tu salud de manera segura y efectiva.<\/p>\t\t\t\t\t\t\t\t<\/div>\n\t\t\t\t<\/div>\n\t\t\t\t\t<\/div>\n\t\t\t\t<\/div>\n\t\t<div class=\"elementor-element elementor-element-114c632 e-flex e-con-boxed e-con e-parent\" data-id=\"114c632\" data-element_type=\"container\">\n\t\t\t\t\t<div class=\"e-con-inner\">\n\t\t\t\t<div class=\"elementor-element elementor-element-8abfd39 elementor-widget elementor-widget-heading\" data-id=\"8abfd39\" data-element_type=\"widget\" data-widget_type=\"heading.default\">\n\t\t\t\t<div class=\"elementor-widget-container\">\n\t\t\t\t\t<h2 class=\"elementor-heading-title elementor-size-default\">Preguntas frecuentes<\/h2>\t\t\t\t<\/div>\n\t\t\t\t<\/div>\n\t\t\t\t<div class=\"elementor-element elementor-element-65825df elementor-widget elementor-widget-eael-adv-accordion\" data-id=\"65825df\" data-element_type=\"widget\" data-widget_type=\"eael-adv-accordion.default\">\n\t\t\t\t<div class=\"elementor-widget-container\">\n\t\t\t\t\t            <div class=\"eael-adv-accordion\" id=\"eael-adv-accordion-65825df\" data-scroll-on-click=\"no\" data-scroll-speed=\"300\" data-accordion-id=\"65825df\" data-accordion-type=\"accordion\" data-toogle-speed=\"300\">\n            <div class=\"eael-accordion-list\">\n\t\t\t\t\t<div id=\"qu-es-la-fitoterapia-y-cmo-funciona\" class=\"elementor-tab-title eael-accordion-header\" tabindex=\"0\" data-tab=\"1\" aria-controls=\"elementor-tab-content-1061\"><span class=\"eael-advanced-accordion-icon-closed\"><i aria-hidden=\"true\" class=\"fa-accordion-icon fas fa-plus\"><\/i><\/span><span class=\"eael-advanced-accordion-icon-opened\"><i aria-hidden=\"true\" class=\"fa-accordion-icon fas fa-minus\"><\/i><\/span><span class=\"eael-accordion-tab-title\">\u00bfQu\u00e9 es la fitoterapia y c\u00f3mo funciona?<\/span><i aria-hidden=\"true\" class=\"fa-toggle fas fa-angle-right\"><\/i><\/div><div id=\"elementor-tab-content-1061\" class=\"eael-accordion-content clearfix\" data-tab=\"1\" aria-labelledby=\"qu-es-la-fitoterapia-y-cmo-funciona\"><p>La fitoterapia utiliza plantas medicinales y extractos naturales para apoyar la salud, reforzar defensas y mejorar funciones del organismo.<\/p><p>\u00a0<\/p><\/div>\n\t\t\t\t\t<\/div><div class=\"eael-accordion-list\">\n\t\t\t\t\t<div id=\"es-segura-la-fitoterapia\" class=\"elementor-tab-title eael-accordion-header\" tabindex=\"0\" data-tab=\"2\" aria-controls=\"elementor-tab-content-1062\"><span class=\"eael-advanced-accordion-icon-closed\"><i aria-hidden=\"true\" class=\"fa-accordion-icon fas fa-plus\"><\/i><\/span><span class=\"eael-advanced-accordion-icon-opened\"><i aria-hidden=\"true\" class=\"fa-accordion-icon fas fa-minus\"><\/i><\/span><span class=\"eael-accordion-tab-title\">\u00bfEs segura la fitoterapia?<\/span><i aria-hidden=\"true\" class=\"fa-toggle fas fa-angle-right\"><\/i><\/div><div id=\"elementor-tab-content-1062\" class=\"eael-accordion-content clearfix\" data-tab=\"2\" aria-labelledby=\"es-segura-la-fitoterapia\"><p>S\u00ed, siempre que se utilice bajo orientaci\u00f3n profesional. En <strong>Consulta Cervantes<\/strong> seleccionamos las plantas adecuadas para cada paciente.<\/p><p>\u00a0<\/p><\/div>\n\t\t\t\t\t<\/div><div class=\"eael-accordion-list\">\n\t\t\t\t\t<div id=\"qu-problemas-de-salud-puede-tratar-la-fitoterapia\" class=\"elementor-tab-title eael-accordion-header\" tabindex=\"0\" data-tab=\"3\" aria-controls=\"elementor-tab-content-1063\"><span class=\"eael-advanced-accordion-icon-closed\"><i aria-hidden=\"true\" class=\"fa-accordion-icon fas fa-plus\"><\/i><\/span><span class=\"eael-advanced-accordion-icon-opened\"><i aria-hidden=\"true\" class=\"fa-accordion-icon fas fa-minus\"><\/i><\/span><span class=\"eael-accordion-tab-title\">\u00bfQu\u00e9 problemas de salud puede tratar la fitoterapia?<\/span><i aria-hidden=\"true\" class=\"fa-toggle fas fa-angle-right\"><\/i><\/div><div id=\"elementor-tab-content-1063\" class=\"eael-accordion-content clearfix\" data-tab=\"3\" aria-labelledby=\"qu-problemas-de-salud-puede-tratar-la-fitoterapia\"><p>Se aplica para digesti\u00f3n lenta, insomnio, ansiedad, dolores leves, defensas bajas y control del peso.<\/p><p>\u00a0<\/p><\/div>\n\t\t\t\t\t<\/div><div class=\"eael-accordion-list\">\n\t\t\t\t\t<div id=\"la-fitoterapia-sustituye-a-la-medicina-convencional\" class=\"elementor-tab-title eael-accordion-header\" tabindex=\"0\" data-tab=\"4\" aria-controls=\"elementor-tab-content-1064\"><span class=\"eael-advanced-accordion-icon-closed\"><i aria-hidden=\"true\" class=\"fa-accordion-icon fas fa-plus\"><\/i><\/span><span class=\"eael-advanced-accordion-icon-opened\"><i aria-hidden=\"true\" class=\"fa-accordion-icon fas fa-minus\"><\/i><\/span><span class=\"eael-accordion-tab-title\">\u00bfLa fitoterapia sustituye a la medicina convencional?<\/span><i aria-hidden=\"true\" class=\"fa-toggle fas fa-angle-right\"><\/i><\/div><div id=\"elementor-tab-content-1064\" class=\"eael-accordion-content clearfix\" data-tab=\"4\" aria-labelledby=\"la-fitoterapia-sustituye-a-la-medicina-convencional\"><p>No, es un tratamiento complementario que puede combinarse con la medicina tradicional para potenciar resultados.<\/p><p>\u00a0<\/p><\/div>\n\t\t\t\t\t<\/div><div class=\"eael-accordion-list\">\n\t\t\t\t\t<div id=\"dnde-puedo-recibir-fitoterapia-en-mlaga\" class=\"elementor-tab-title eael-accordion-header\" tabindex=\"0\" data-tab=\"5\" aria-controls=\"elementor-tab-content-1065\"><span class=\"eael-advanced-accordion-icon-closed\"><i aria-hidden=\"true\" class=\"fa-accordion-icon fas fa-plus\"><\/i><\/span><span class=\"eael-advanced-accordion-icon-opened\"><i aria-hidden=\"true\" class=\"fa-accordion-icon fas fa-minus\"><\/i><\/span><span class=\"eael-accordion-tab-title\">\u00bfD\u00f3nde puedo recibir fitoterapia en M\u00e1laga?<\/span><i aria-hidden=\"true\" class=\"fa-toggle fas fa-angle-right\"><\/i><\/div><div id=\"elementor-tab-content-1065\" class=\"eael-accordion-content clearfix\" data-tab=\"5\" aria-labelledby=\"dnde-puedo-recibir-fitoterapia-en-mlaga\"><p>En <strong>Consulta Cervantes<\/strong> ofrecemos fitoterapia en M\u00e1laga con un enfoque profesional, humano y personalizado.<\/p><\/div>\n\t\t\t\t\t<\/div><\/div>\t\t\t\t<\/div>\n\t\t\t\t<\/div>\n\t\t\t\t\t<\/div>\n\t\t\t\t<\/div>\n\t\t\t\t<\/div>\n\t\t","protected":false},"excerpt":{"rendered":"<p>Fitoterapia en M\u00e1laga | Tratamientos con Plantas Naturales En Consulta Cervantes en M\u00e1laga, nuestro especialista fitoterapeuta m\u00e1laga aplica la fitoterapia como una terapia natural basada en el uso de plantas medicinales para prevenir, aliviar y tratar diferentes desequilibrios de salud. Con a\u00f1os de experiencia y formaci\u00f3n en terapias naturales, ofrecemos un enfoque profesional y seguro [&hellip;]<\/p>\n","protected":false},"author":1,"featured_media":0,"parent":0,"menu_order":0,"comment_status":"closed","ping_status":"closed","template":"elementor_header_footer","meta":{"_joinchat":[],"footnotes":""},"_links":{"self":[{"href":"https:\/\/consultacervantes.com\/index.php\/wp-json\/wp\/v2\/pages\/1696"}],"collection":[{"href":"https:\/\/consultacervantes.com\/index.php\/wp-json\/wp\/v2\/pages"}],"about":[{"href":"https:\/\/consultacervantes.com\/index.php\/wp-json\/wp\/v2\/types\/page"}],"author":[{"embeddable":true,"href":"https:\/\/consultacervantes.com\/index.php\/wp-json\/wp\/v2\/users\/1"}],"replies":[{"embeddable":true,"href":"https:\/\/consultacervantes.com\/index.php\/wp-json\/wp\/v2\/comments?post=1696"}],"version-history":[{"count":16,"href":"https:\/\/consultacervantes.com\/index.php\/wp-json\/wp\/v2\/pages\/1696\/revisions"}],"predecessor-version":[{"id":1812,"href":"https:\/\/consultacervantes.com\/index.php\/wp-json\/wp\/v2\/pages\/1696\/revisions\/1812"}],"wp:attachment":[{"href":"https:\/\/consultacervantes.com\/index.php\/wp-json\/wp\/v2\/media?parent=1696"}],"curies":[{"name":"wp","href":"https:\/\/api.w.org\/{rel}","templated":true}]}}