{"id":1688,"date":"2025-09-15T20:41:05","date_gmt":"2025-09-15T18:41:05","guid":{"rendered":"https:\/\/consultacervantes.com\/?page_id=1688"},"modified":"2025-09-15T21:23:35","modified_gmt":"2025-09-15T19:23:35","slug":"digitopuntura","status":"publish","type":"page","link":"https:\/\/consultacervantes.com\/index.php\/digitopuntura\/","title":{"rendered":"Digitopuntura"},"content":{"rendered":"\t\t<div data-elementor-type=\"wp-page\" data-elementor-id=\"1688\" class=\"elementor elementor-1688\">\n\t\t\t\t<div class=\"elementor-element elementor-element-3e7f6cb e-flex e-con-boxed e-con e-parent\" data-id=\"3e7f6cb\" data-element_type=\"container\">\n\t\t\t\t\t<div class=\"e-con-inner\">\n\t\t\t\t<div class=\"elementor-element elementor-element-db4f910 elementor-widget elementor-widget-heading\" data-id=\"db4f910\" data-element_type=\"widget\" data-widget_type=\"heading.default\">\n\t\t\t\t<div class=\"elementor-widget-container\">\n\t\t\t\t\t<h2 class=\"elementor-heading-title elementor-size-default\">Digitopuntura en M\u00e1laga | Terapia Natural y Equilibrio\n<\/h2>\t\t\t\t<\/div>\n\t\t\t\t<\/div>\n\t\t\t\t<div class=\"elementor-element elementor-element-bd2f2ab elementor-widget elementor-widget-image\" data-id=\"bd2f2ab\" data-element_type=\"widget\" data-widget_type=\"image.default\">\n\t\t\t\t<div class=\"elementor-widget-container\">\n\t\t\t\t\t\t\t\t\t\t\t\t\t\t\t<img fetchpriority=\"high\" decoding=\"async\" width=\"600\" height=\"338\" src=\"https:\/\/consultacervantes.com\/wp-content\/uploads\/2025\/09\/Digitopuntura-en-Malaga-_-Terapia-Natural-y-Equilibrio.webp\" class=\"attachment-kava-thumb-xl size-kava-thumb-xl wp-image-1729\" alt=\"Digitopuntura en M\u00e1laga _ Terapia Natural y Equilibrio\" srcset=\"https:\/\/consultacervantes.com\/wp-content\/uploads\/2025\/09\/Digitopuntura-en-Malaga-_-Terapia-Natural-y-Equilibrio.webp 600w, https:\/\/consultacervantes.com\/wp-content\/uploads\/2025\/09\/Digitopuntura-en-Malaga-_-Terapia-Natural-y-Equilibrio-300x169.webp 300w, https:\/\/consultacervantes.com\/wp-content\/uploads\/2025\/09\/Digitopuntura-en-Malaga-_-Terapia-Natural-y-Equilibrio-150x85.webp 150w\" sizes=\"(max-width: 600px) 100vw, 600px\" \/>\t\t\t\t\t\t\t\t\t\t\t\t\t\t\t<\/div>\n\t\t\t\t<\/div>\n\t\t\t\t<div class=\"elementor-element elementor-element-19b7d6f elementor-widget elementor-widget-text-editor\" data-id=\"19b7d6f\" data-element_type=\"widget\" data-widget_type=\"text-editor.default\">\n\t\t\t\t<div class=\"elementor-widget-container\">\n\t\t\t\t\t\t\t\t\t<p data-start=\"315\" data-end=\"561\">En <strong data-start=\"342\" data-end=\"374\">Consulta Cervantes en M\u00e1laga<\/strong>, ofrecemos la <strong data-start=\"389\" data-end=\"406\">digitopuntura<\/strong>, una t\u00e9cnica natural basada en la presi\u00f3n de puntos espec\u00edficos del cuerpo para aliviar dolores, reducir el estr\u00e9s y recuperar el equilibrio energ\u00e9tico.<\/p><p data-start=\"563\" data-end=\"805\">La <strong data-start=\"601\" data-end=\"628\">digitopuntura en M\u00e1laga<\/strong> se inspira en la acupuntura tradicional china, pero en lugar de agujas utiliza la presi\u00f3n de los dedos para estimular los meridianos de energ\u00eda y favorecer la salud integral.<\/p><p data-start=\"807\" data-end=\"1031\">Este tratamiento ayuda a mejorar la circulaci\u00f3n, aliviar <strong data-start=\"898\" data-end=\"973\">dolores de espalda, migra\u00f1as, ansiedad, insomnio y problemas digestivos<\/strong>, ofreciendo bienestar f\u00edsico y mental de forma natural.<\/p><p data-start=\"1033\" data-end=\"1271\">En nuestro centro, la digitopuntura se combina con electroacupuntura, auriculoterapia o fitoterapia, potenciando los resultados y adaptando cada plan a las necesidades individuales de cada paciente.<\/p><p data-start=\"1273\" data-end=\"1530\">En <strong data-start=\"1314\" data-end=\"1336\">Consulta Cervantes<\/strong> creemos en la importancia del trato humano. Escuchamos cada caso con atenci\u00f3n para dise\u00f1ar sesiones personalizadas de <strong data-start=\"1455\" data-end=\"1482\">digitopuntura en M\u00e1laga<\/strong> que aporten confianza y resultados efectivos.<\/p><p data-start=\"1532\" data-end=\"1727\">Da un paso hacia una vida m\u00e1s equilibrada y libre de tensiones. Agenda tu cita de <strong data-start=\"1645\" data-end=\"1672\">digitopuntura en M\u00e1laga<\/strong> y experimenta una terapia natural, segura y cercana.<\/p>\t\t\t\t\t\t\t\t<\/div>\n\t\t\t\t<\/div>\n\t\t\t\t\t<\/div>\n\t\t\t\t<\/div>\n\t\t<div class=\"elementor-element elementor-element-9181581 e-flex e-con-boxed e-con e-parent\" data-id=\"9181581\" data-element_type=\"container\">\n\t\t\t\t\t<div class=\"e-con-inner\">\n\t\t\t\t<div class=\"elementor-element elementor-element-32cefa4 elementor-widget elementor-widget-heading\" data-id=\"32cefa4\" data-element_type=\"widget\" data-widget_type=\"heading.default\">\n\t\t\t\t<div class=\"elementor-widget-container\">\n\t\t\t\t\t<h2 class=\"elementor-heading-title elementor-size-default\">Preguntas frecuentes<\/h2>\t\t\t\t<\/div>\n\t\t\t\t<\/div>\n\t\t\t\t<div class=\"elementor-element elementor-element-18967b7 elementor-widget elementor-widget-eael-adv-accordion\" data-id=\"18967b7\" data-element_type=\"widget\" data-widget_type=\"eael-adv-accordion.default\">\n\t\t\t\t<div class=\"elementor-widget-container\">\n\t\t\t\t\t            <div class=\"eael-adv-accordion\" id=\"eael-adv-accordion-18967b7\" data-scroll-on-click=\"no\" data-scroll-speed=\"300\" data-accordion-id=\"18967b7\" data-accordion-type=\"accordion\" data-toogle-speed=\"300\">\n            <div class=\"eael-accordion-list\">\n\t\t\t\t\t<div id=\"qu-diferencia-hay-entre-digitopuntura-y-acupuntura\" class=\"elementor-tab-title eael-accordion-header\" tabindex=\"0\" data-tab=\"1\" aria-controls=\"elementor-tab-content-2571\"><span class=\"eael-advanced-accordion-icon-closed\"><i aria-hidden=\"true\" class=\"fa-accordion-icon fas fa-plus\"><\/i><\/span><span class=\"eael-advanced-accordion-icon-opened\"><i aria-hidden=\"true\" class=\"fa-accordion-icon fas fa-minus\"><\/i><\/span><span class=\"eael-accordion-tab-title\">\u00bfQu\u00e9 diferencia hay entre digitopuntura y acupuntura?<\/span><i aria-hidden=\"true\" class=\"fa-toggle fas fa-angle-right\"><\/i><\/div><div id=\"elementor-tab-content-2571\" class=\"eael-accordion-content clearfix\" data-tab=\"1\" aria-labelledby=\"qu-diferencia-hay-entre-digitopuntura-y-acupuntura\"><p>La acupuntura utiliza agujas, mientras que la digitopuntura emplea presi\u00f3n manual en los puntos energ\u00e9ticos del cuerpo.<\/p><p>\u00a0<\/p><\/div>\n\t\t\t\t\t<\/div><div class=\"eael-accordion-list\">\n\t\t\t\t\t<div id=\"la-digitopuntura-es-dolorosa\" class=\"elementor-tab-title eael-accordion-header\" tabindex=\"0\" data-tab=\"2\" aria-controls=\"elementor-tab-content-2572\"><span class=\"eael-advanced-accordion-icon-closed\"><i aria-hidden=\"true\" class=\"fa-accordion-icon fas fa-plus\"><\/i><\/span><span class=\"eael-advanced-accordion-icon-opened\"><i aria-hidden=\"true\" class=\"fa-accordion-icon fas fa-minus\"><\/i><\/span><span class=\"eael-accordion-tab-title\">\u00bfLa digitopuntura es dolorosa?<\/span><i aria-hidden=\"true\" class=\"fa-toggle fas fa-angle-right\"><\/i><\/div><div id=\"elementor-tab-content-2572\" class=\"eael-accordion-content clearfix\" data-tab=\"2\" aria-labelledby=\"la-digitopuntura-es-dolorosa\"><p>No, al contrario, es una t\u00e9cnica relajante y no invasiva que genera bienestar inmediato.<\/p><p>\u00a0<\/p><\/div>\n\t\t\t\t\t<\/div><div class=\"eael-accordion-list\">\n\t\t\t\t\t<div id=\"qu-problemas-de-salud-trata-la-digitopuntura\" class=\"elementor-tab-title eael-accordion-header\" tabindex=\"0\" data-tab=\"3\" aria-controls=\"elementor-tab-content-2573\"><span class=\"eael-advanced-accordion-icon-closed\"><i aria-hidden=\"true\" class=\"fa-accordion-icon fas fa-plus\"><\/i><\/span><span class=\"eael-advanced-accordion-icon-opened\"><i aria-hidden=\"true\" class=\"fa-accordion-icon fas fa-minus\"><\/i><\/span><span class=\"eael-accordion-tab-title\">\u00bfQu\u00e9 problemas de salud trata la digitopuntura?<\/span><i aria-hidden=\"true\" class=\"fa-toggle fas fa-angle-right\"><\/i><\/div><div id=\"elementor-tab-content-2573\" class=\"eael-accordion-content clearfix\" data-tab=\"3\" aria-labelledby=\"qu-problemas-de-salud-trata-la-digitopuntura\"><p>Es eficaz para dolores musculares, migra\u00f1as, estr\u00e9s, ansiedad, insomnio y trastornos digestivos.<\/p><p>\u00a0<\/p><\/div>\n\t\t\t\t\t<\/div><div class=\"eael-accordion-list\">\n\t\t\t\t\t<div id=\"cuntas-sesiones-necesito-para-notar-resultados\" class=\"elementor-tab-title eael-accordion-header\" tabindex=\"0\" data-tab=\"4\" aria-controls=\"elementor-tab-content-2574\"><span class=\"eael-advanced-accordion-icon-closed\"><i aria-hidden=\"true\" class=\"fa-accordion-icon fas fa-plus\"><\/i><\/span><span class=\"eael-advanced-accordion-icon-opened\"><i aria-hidden=\"true\" class=\"fa-accordion-icon fas fa-minus\"><\/i><\/span><span class=\"eael-accordion-tab-title\">\u00bfCu\u00e1ntas sesiones necesito para notar resultados?<\/span><i aria-hidden=\"true\" class=\"fa-toggle fas fa-angle-right\"><\/i><\/div><div id=\"elementor-tab-content-2574\" class=\"eael-accordion-content clearfix\" data-tab=\"4\" aria-labelledby=\"cuntas-sesiones-necesito-para-notar-resultados\"><p>Depende de cada persona, pero muchos pacientes sienten alivio desde la primera sesi\u00f3n de digitopuntura.<\/p><p>\u00a0<\/p><\/div>\n\t\t\t\t\t<\/div><div class=\"eael-accordion-list\">\n\t\t\t\t\t<div id=\"dnde-recibir-digitopuntura-en-mlaga\" class=\"elementor-tab-title eael-accordion-header\" tabindex=\"0\" data-tab=\"5\" aria-controls=\"elementor-tab-content-2575\"><span class=\"eael-advanced-accordion-icon-closed\"><i aria-hidden=\"true\" class=\"fa-accordion-icon fas fa-plus\"><\/i><\/span><span class=\"eael-advanced-accordion-icon-opened\"><i aria-hidden=\"true\" class=\"fa-accordion-icon fas fa-minus\"><\/i><\/span><span class=\"eael-accordion-tab-title\">\u00bfD\u00f3nde recibir digitopuntura en M\u00e1laga?<\/span><i aria-hidden=\"true\" class=\"fa-toggle fas fa-angle-right\"><\/i><\/div><div id=\"elementor-tab-content-2575\" class=\"eael-accordion-content clearfix\" data-tab=\"5\" aria-labelledby=\"dnde-recibir-digitopuntura-en-mlaga\"><p>En <strong>Consulta Cervantes<\/strong> ofrecemos digitopuntura en M\u00e1laga con un enfoque profesional, humano y adaptado a cada paciente.<\/p><\/div>\n\t\t\t\t\t<\/div><\/div>\t\t\t\t<\/div>\n\t\t\t\t<\/div>\n\t\t\t\t\t<\/div>\n\t\t\t\t<\/div>\n\t\t\t\t<\/div>\n\t\t","protected":false},"excerpt":{"rendered":"<p>Digitopuntura en M\u00e1laga | Terapia Natural y Equilibrio En Consulta Cervantes en M\u00e1laga, ofrecemos la digitopuntura, una t\u00e9cnica natural basada en la presi\u00f3n de puntos espec\u00edficos del cuerpo para aliviar dolores, reducir el estr\u00e9s y recuperar el equilibrio energ\u00e9tico. La digitopuntura en M\u00e1laga se inspira en la acupuntura tradicional china, pero en lugar de agujas [&hellip;]<\/p>\n","protected":false},"author":1,"featured_media":0,"parent":0,"menu_order":0,"comment_status":"closed","ping_status":"closed","template":"elementor_header_footer","meta":{"_joinchat":[],"footnotes":""},"_links":{"self":[{"href":"https:\/\/consultacervantes.com\/index.php\/wp-json\/wp\/v2\/pages\/1688"}],"collection":[{"href":"https:\/\/consultacervantes.com\/index.php\/wp-json\/wp\/v2\/pages"}],"about":[{"href":"https:\/\/consultacervantes.com\/index.php\/wp-json\/wp\/v2\/types\/page"}],"author":[{"embeddable":true,"href":"https:\/\/consultacervantes.com\/index.php\/wp-json\/wp\/v2\/users\/1"}],"replies":[{"embeddable":true,"href":"https:\/\/consultacervantes.com\/index.php\/wp-json\/wp\/v2\/comments?post=1688"}],"version-history":[{"count":7,"href":"https:\/\/consultacervantes.com\/index.php\/wp-json\/wp\/v2\/pages\/1688\/revisions"}],"predecessor-version":[{"id":1732,"href":"https:\/\/consultacervantes.com\/index.php\/wp-json\/wp\/v2\/pages\/1688\/revisions\/1732"}],"wp:attachment":[{"href":"https:\/\/consultacervantes.com\/index.php\/wp-json\/wp\/v2\/media?parent=1688"}],"curies":[{"name":"wp","href":"https:\/\/api.w.org\/{rel}","templated":true}]}}