{"id":1679,"date":"2025-09-15T20:30:03","date_gmt":"2025-09-15T18:30:03","guid":{"rendered":"https:\/\/consultacervantes.com\/?page_id=1679"},"modified":"2025-09-15T21:19:51","modified_gmt":"2025-09-15T19:19:51","slug":"electroacupuntura","status":"publish","type":"page","link":"https:\/\/consultacervantes.com\/index.php\/electroacupuntura\/","title":{"rendered":"Electroacupuntura"},"content":{"rendered":"\t\t<div data-elementor-type=\"wp-page\" data-elementor-id=\"1679\" class=\"elementor elementor-1679\">\n\t\t\t\t<div class=\"elementor-element elementor-element-e2aacb0 e-flex e-con-boxed e-con e-parent\" data-id=\"e2aacb0\" data-element_type=\"container\">\n\t\t\t\t\t<div class=\"e-con-inner\">\n\t\t\t\t<div class=\"elementor-element elementor-element-6c05e44 elementor-widget elementor-widget-heading\" data-id=\"6c05e44\" data-element_type=\"widget\" data-widget_type=\"heading.default\">\n\t\t\t\t<div class=\"elementor-widget-container\">\n\t\t\t\t\t<h2 class=\"elementor-heading-title elementor-size-default\">Electroacupuntura en M\u00e1laga | Terapia Natural Efectiva\n<\/h2>\t\t\t\t<\/div>\n\t\t\t\t<\/div>\n\t\t\t\t<div class=\"elementor-element elementor-element-3d4a096 elementor-widget elementor-widget-image\" data-id=\"3d4a096\" data-element_type=\"widget\" data-widget_type=\"image.default\">\n\t\t\t\t<div class=\"elementor-widget-container\">\n\t\t\t\t\t\t\t\t\t\t\t\t\t\t\t<img fetchpriority=\"high\" decoding=\"async\" width=\"600\" height=\"338\" src=\"https:\/\/consultacervantes.com\/wp-content\/uploads\/2025\/09\/Homeopatia-en-Malaga-_-Terapias-Naturales-Seguras.webp\" class=\"attachment-kava-thumb-xl size-kava-thumb-xl wp-image-1725\" alt=\"Homeopat\u00eda en M\u00e1laga _ Terapias Naturales Seguras\" srcset=\"https:\/\/consultacervantes.com\/wp-content\/uploads\/2025\/09\/Homeopatia-en-Malaga-_-Terapias-Naturales-Seguras.webp 600w, https:\/\/consultacervantes.com\/wp-content\/uploads\/2025\/09\/Homeopatia-en-Malaga-_-Terapias-Naturales-Seguras-300x169.webp 300w, https:\/\/consultacervantes.com\/wp-content\/uploads\/2025\/09\/Homeopatia-en-Malaga-_-Terapias-Naturales-Seguras-150x85.webp 150w\" sizes=\"(max-width: 600px) 100vw, 600px\" \/>\t\t\t\t\t\t\t\t\t\t\t\t\t\t\t<\/div>\n\t\t\t\t<\/div>\n\t\t\t\t<div class=\"elementor-element elementor-element-f88ceb5 elementor-widget elementor-widget-text-editor\" data-id=\"f88ceb5\" data-element_type=\"widget\" data-widget_type=\"text-editor.default\">\n\t\t\t\t<div class=\"elementor-widget-container\">\n\t\t\t\t\t\t\t\t\t<p data-start=\"321\" data-end=\"585\">En <strong data-start=\"348\" data-end=\"380\">Consulta Cervantes en M\u00e1laga<\/strong> aplicamos la <strong data-start=\"394\" data-end=\"415\">electroacupuntura<\/strong>, una t\u00e9cnica moderna derivada de la acupuntura tradicional china que utiliza impulsos el\u00e9ctricos suaves para potenciar el tratamiento natural del dolor y el bienestar.<\/p><p data-start=\"587\" data-end=\"838\">La <strong data-start=\"629\" data-end=\"660\">electroacupuntura en M\u00e1laga<\/strong> combina agujas finas con estimulaci\u00f3n el\u00e9ctrica controlada, lo que ayuda a equilibrar la energ\u00eda del cuerpo y mejorar funciones fisiol\u00f3gicas sin efectos secundarios agresivos.<\/p><p data-start=\"840\" data-end=\"1119\">Este m\u00e9todo es ideal para personas que sufren de <strong data-start=\"923\" data-end=\"1008\">dolores musculares, estr\u00e9s, ansiedad, problemas digestivos o trastornos del sue\u00f1o<\/strong>. Muchos pacientes en M\u00e1laga han encontrado alivio duradero y un mayor equilibrio emocional con esta terapia.<\/p><p data-start=\"1121\" data-end=\"1362\">En nuestro centro, la electroacupuntura se integra con otras terapias como <strong data-start=\"1239\" data-end=\"1287\">digitopuntura, fitoterapia o auriculoterapia<\/strong>, creando un plan integral y totalmente personalizado para cada paciente.<\/p><p data-start=\"1364\" data-end=\"1602\">En <strong data-start=\"1411\" data-end=\"1433\">Consulta Cervantes<\/strong> nos enfocamos en escuchar a cada persona, comprendiendo su situaci\u00f3n \u00fanica y dise\u00f1ando sesiones de electroacupuntura adaptadas a sus necesidades y objetivos de salud.<\/p><p data-start=\"1604\" data-end=\"1782\">Mejora tu calidad de vida de forma natural. Agenda tu sesi\u00f3n de <strong data-start=\"1695\" data-end=\"1726\">electroacupuntura en M\u00e1laga<\/strong> y experimenta una terapia efectiva, segura y cercana.<\/p>\t\t\t\t\t\t\t\t<\/div>\n\t\t\t\t<\/div>\n\t\t\t\t\t<\/div>\n\t\t\t\t<\/div>\n\t\t<div class=\"elementor-element elementor-element-1936c63 e-flex e-con-boxed e-con e-parent\" data-id=\"1936c63\" data-element_type=\"container\">\n\t\t\t\t\t<div class=\"e-con-inner\">\n\t\t\t\t<div class=\"elementor-element elementor-element-a340d48 elementor-widget elementor-widget-heading\" data-id=\"a340d48\" data-element_type=\"widget\" data-widget_type=\"heading.default\">\n\t\t\t\t<div class=\"elementor-widget-container\">\n\t\t\t\t\t<h2 class=\"elementor-heading-title elementor-size-default\">Preguntas frecuentes<\/h2>\t\t\t\t<\/div>\n\t\t\t\t<\/div>\n\t\t\t\t<div class=\"elementor-element elementor-element-36b4331 elementor-widget elementor-widget-eael-adv-accordion\" data-id=\"36b4331\" data-element_type=\"widget\" data-widget_type=\"eael-adv-accordion.default\">\n\t\t\t\t<div class=\"elementor-widget-container\">\n\t\t\t\t\t            <div class=\"eael-adv-accordion\" id=\"eael-adv-accordion-36b4331\" data-scroll-on-click=\"no\" data-scroll-speed=\"300\" data-accordion-id=\"36b4331\" data-accordion-type=\"accordion\" data-toogle-speed=\"300\">\n            <div class=\"eael-accordion-list\">\n\t\t\t\t\t<div id=\"qu-diferencia-hay-entre-acupuntura-y-electroacupuntura\" class=\"elementor-tab-title eael-accordion-header\" tabindex=\"0\" data-tab=\"1\" aria-controls=\"elementor-tab-content-5731\"><span class=\"eael-advanced-accordion-icon-closed\"><i aria-hidden=\"true\" class=\"fa-accordion-icon fas fa-plus\"><\/i><\/span><span class=\"eael-advanced-accordion-icon-opened\"><i aria-hidden=\"true\" class=\"fa-accordion-icon fas fa-minus\"><\/i><\/span><span class=\"eael-accordion-tab-title\">\u00bfQu\u00e9 diferencia hay entre acupuntura y electroacupuntura?<\/span><i aria-hidden=\"true\" class=\"fa-toggle fas fa-angle-right\"><\/i><\/div><div id=\"elementor-tab-content-5731\" class=\"eael-accordion-content clearfix\" data-tab=\"1\" aria-labelledby=\"qu-diferencia-hay-entre-acupuntura-y-electroacupuntura\"><p>La electroacupuntura combina las agujas tradicionales con impulsos el\u00e9ctricos suaves que potencian los resultados y reducen el tiempo de tratamiento.<\/p><\/div>\n\t\t\t\t\t<\/div><div class=\"eael-accordion-list\">\n\t\t\t\t\t<div id=\"es-dolorosa-la-electroacupuntura\" class=\"elementor-tab-title eael-accordion-header\" tabindex=\"0\" data-tab=\"2\" aria-controls=\"elementor-tab-content-5732\"><span class=\"eael-advanced-accordion-icon-closed\"><i aria-hidden=\"true\" class=\"fa-accordion-icon fas fa-plus\"><\/i><\/span><span class=\"eael-advanced-accordion-icon-opened\"><i aria-hidden=\"true\" class=\"fa-accordion-icon fas fa-minus\"><\/i><\/span><span class=\"eael-accordion-tab-title\">\u00bfEs dolorosa la electroacupuntura?<\/span><i aria-hidden=\"true\" class=\"fa-toggle fas fa-angle-right\"><\/i><\/div><div id=\"elementor-tab-content-5732\" class=\"eael-accordion-content clearfix\" data-tab=\"2\" aria-labelledby=\"es-dolorosa-la-electroacupuntura\"><p>No, las agujas son muy finas y la corriente es m\u00ednima, por lo que el tratamiento es indoloro y relajante.<\/p><p>\u00a0<\/p><\/div>\n\t\t\t\t\t<\/div><div class=\"eael-accordion-list\">\n\t\t\t\t\t<div id=\"qu-problemas-de-salud-trata-la-electroacupuntura\" class=\"elementor-tab-title eael-accordion-header\" tabindex=\"0\" data-tab=\"3\" aria-controls=\"elementor-tab-content-5733\"><span class=\"eael-advanced-accordion-icon-closed\"><i aria-hidden=\"true\" class=\"fa-accordion-icon fas fa-plus\"><\/i><\/span><span class=\"eael-advanced-accordion-icon-opened\"><i aria-hidden=\"true\" class=\"fa-accordion-icon fas fa-minus\"><\/i><\/span><span class=\"eael-accordion-tab-title\">\u00bfQu\u00e9 problemas de salud trata la electroacupuntura?<\/span><i aria-hidden=\"true\" class=\"fa-toggle fas fa-angle-right\"><\/i><\/div><div id=\"elementor-tab-content-5733\" class=\"eael-accordion-content clearfix\" data-tab=\"3\" aria-labelledby=\"qu-problemas-de-salud-trata-la-electroacupuntura\"><p>Es eficaz para dolores musculares y articulares, ansiedad, insomnio, migra\u00f1as, estr\u00e9s y alteraciones digestivas.<\/p><p>\u00a0<\/p><\/div>\n\t\t\t\t\t<\/div><div class=\"eael-accordion-list\">\n\t\t\t\t\t<div id=\"cuntas-sesiones-se-necesitan-para-notar-resultados\" class=\"elementor-tab-title eael-accordion-header\" tabindex=\"0\" data-tab=\"4\" aria-controls=\"elementor-tab-content-5734\"><span class=\"eael-advanced-accordion-icon-closed\"><i aria-hidden=\"true\" class=\"fa-accordion-icon fas fa-plus\"><\/i><\/span><span class=\"eael-advanced-accordion-icon-opened\"><i aria-hidden=\"true\" class=\"fa-accordion-icon fas fa-minus\"><\/i><\/span><span class=\"eael-accordion-tab-title\">\u00bfCu\u00e1ntas sesiones se necesitan para notar resultados?<\/span><i aria-hidden=\"true\" class=\"fa-toggle fas fa-angle-right\"><\/i><\/div><div id=\"elementor-tab-content-5734\" class=\"eael-accordion-content clearfix\" data-tab=\"4\" aria-labelledby=\"cuntas-sesiones-se-necesitan-para-notar-resultados\"><p>Depende del caso, pero la mayor\u00eda de los pacientes comienzan a sentir mejor\u00eda despu\u00e9s de 3 a 5 sesiones.<\/p><p>\u00a0<\/p><\/div>\n\t\t\t\t\t<\/div><div class=\"eael-accordion-list\">\n\t\t\t\t\t<div id=\"dnde-puedo-recibir-electroacupuntura-en-mlaga\" class=\"elementor-tab-title eael-accordion-header\" tabindex=\"0\" data-tab=\"5\" aria-controls=\"elementor-tab-content-5735\"><span class=\"eael-advanced-accordion-icon-closed\"><i aria-hidden=\"true\" class=\"fa-accordion-icon fas fa-plus\"><\/i><\/span><span class=\"eael-advanced-accordion-icon-opened\"><i aria-hidden=\"true\" class=\"fa-accordion-icon fas fa-minus\"><\/i><\/span><span class=\"eael-accordion-tab-title\">\u00bfD\u00f3nde puedo recibir electroacupuntura en M\u00e1laga?<\/span><i aria-hidden=\"true\" class=\"fa-toggle fas fa-angle-right\"><\/i><\/div><div id=\"elementor-tab-content-5735\" class=\"eael-accordion-content clearfix\" data-tab=\"5\" aria-labelledby=\"dnde-puedo-recibir-electroacupuntura-en-mlaga\"><p>En <strong>Consulta Cervantes<\/strong> ofrecemos sesiones de electroacupuntura en M\u00e1laga con un enfoque profesional, humano y personalizado.<\/p><\/div>\n\t\t\t\t\t<\/div><\/div>\t\t\t\t<\/div>\n\t\t\t\t<\/div>\n\t\t\t\t\t<\/div>\n\t\t\t\t<\/div>\n\t\t\t\t<\/div>\n\t\t","protected":false},"excerpt":{"rendered":"<p>Electroacupuntura en M\u00e1laga | Terapia Natural Efectiva En Consulta Cervantes en M\u00e1laga aplicamos la electroacupuntura, una t\u00e9cnica moderna derivada de la acupuntura tradicional china que utiliza impulsos el\u00e9ctricos suaves para potenciar el tratamiento natural del dolor y el bienestar. La electroacupuntura en M\u00e1laga combina agujas finas con estimulaci\u00f3n el\u00e9ctrica controlada, lo que ayuda a equilibrar [&hellip;]<\/p>\n","protected":false},"author":1,"featured_media":0,"parent":0,"menu_order":0,"comment_status":"closed","ping_status":"closed","template":"elementor_header_footer","meta":{"_joinchat":[],"footnotes":""},"_links":{"self":[{"href":"https:\/\/consultacervantes.com\/index.php\/wp-json\/wp\/v2\/pages\/1679"}],"collection":[{"href":"https:\/\/consultacervantes.com\/index.php\/wp-json\/wp\/v2\/pages"}],"about":[{"href":"https:\/\/consultacervantes.com\/index.php\/wp-json\/wp\/v2\/types\/page"}],"author":[{"embeddable":true,"href":"https:\/\/consultacervantes.com\/index.php\/wp-json\/wp\/v2\/users\/1"}],"replies":[{"embeddable":true,"href":"https:\/\/consultacervantes.com\/index.php\/wp-json\/wp\/v2\/comments?post=1679"}],"version-history":[{"count":7,"href":"https:\/\/consultacervantes.com\/index.php\/wp-json\/wp\/v2\/pages\/1679\/revisions"}],"predecessor-version":[{"id":1728,"href":"https:\/\/consultacervantes.com\/index.php\/wp-json\/wp\/v2\/pages\/1679\/revisions\/1728"}],"wp:attachment":[{"href":"https:\/\/consultacervantes.com\/index.php\/wp-json\/wp\/v2\/media?parent=1679"}],"curies":[{"name":"wp","href":"https:\/\/api.w.org\/{rel}","templated":true}]}}