{"id":1671,"date":"2025-09-15T20:21:19","date_gmt":"2025-09-15T18:21:19","guid":{"rendered":"https:\/\/consultacervantes.com\/?page_id=1671"},"modified":"2025-09-19T21:38:50","modified_gmt":"2025-09-19T19:38:50","slug":"homeopatia","status":"publish","type":"page","link":"https:\/\/consultacervantes.com\/index.php\/homeopatia\/","title":{"rendered":"Homeopat\u00eda"},"content":{"rendered":"\t\t<div data-elementor-type=\"wp-page\" data-elementor-id=\"1671\" class=\"elementor elementor-1671\">\n\t\t\t\t<div class=\"elementor-element elementor-element-8b11257 e-flex e-con-boxed e-con e-parent\" data-id=\"8b11257\" data-element_type=\"container\">\n\t\t\t\t\t<div class=\"e-con-inner\">\n\t\t\t\t<div class=\"elementor-element elementor-element-b127605 elementor-widget elementor-widget-heading\" data-id=\"b127605\" data-element_type=\"widget\" data-widget_type=\"heading.default\">\n\t\t\t\t<div class=\"elementor-widget-container\">\n\t\t\t\t\t<h2 class=\"elementor-heading-title elementor-size-default\">Homeopat\u00eda en M\u00e1laga | Terapias Naturales Seguras\n<\/h2>\t\t\t\t<\/div>\n\t\t\t\t<\/div>\n\t\t\t\t<div class=\"elementor-element elementor-element-3beb860 elementor-widget elementor-widget-image\" data-id=\"3beb860\" data-element_type=\"widget\" data-widget_type=\"image.default\">\n\t\t\t\t<div class=\"elementor-widget-container\">\n\t\t\t\t\t\t\t\t\t\t\t\t\t\t\t<img fetchpriority=\"high\" decoding=\"async\" width=\"600\" height=\"338\" src=\"https:\/\/consultacervantes.com\/wp-content\/uploads\/2025\/09\/Homeopatia-en-Malaga-_-Terapias-Naturales-Seguras-1.webp\" class=\"attachment-kava-thumb-xl size-kava-thumb-xl wp-image-1741\" alt=\"Homeopat\u00eda en M\u00e1laga _ Terapias Naturales Seguras\" srcset=\"https:\/\/consultacervantes.com\/wp-content\/uploads\/2025\/09\/Homeopatia-en-Malaga-_-Terapias-Naturales-Seguras-1.webp 600w, https:\/\/consultacervantes.com\/wp-content\/uploads\/2025\/09\/Homeopatia-en-Malaga-_-Terapias-Naturales-Seguras-1-300x169.webp 300w, https:\/\/consultacervantes.com\/wp-content\/uploads\/2025\/09\/Homeopatia-en-Malaga-_-Terapias-Naturales-Seguras-1-150x85.webp 150w\" sizes=\"(max-width: 600px) 100vw, 600px\" \/>\t\t\t\t\t\t\t\t\t\t\t\t\t\t\t<\/div>\n\t\t\t\t<\/div>\n\t\t\t\t<div class=\"elementor-element elementor-element-0d2eeb0 elementor-widget elementor-widget-text-editor\" data-id=\"0d2eeb0\" data-element_type=\"widget\" data-widget_type=\"text-editor.default\">\n\t\t\t\t<div class=\"elementor-widget-container\">\n\t\t\t\t\t\t\t\t\t<p data-start=\"260\" data-end=\"462\">En <strong data-start=\"263\" data-end=\"295\">Consulta Cervantes en M\u00e1laga<\/strong>, aplicamos la homeopat\u00eda como una terapia natural y segura que ayuda a equilibrar el organismo, estimular la capacidad de autocuraci\u00f3n y mejorar la calidad de vida.<\/p><p data-start=\"464\" data-end=\"665\">La <strong data-start=\"467\" data-end=\"491\">homeopat\u00eda en M\u00e1laga<\/strong> utiliza remedios naturales en dosis muy peque\u00f1as que trabajan de forma suave, sin efectos secundarios agresivos, apoyando el tratamiento de s\u00edntomas f\u00edsicos y emocionales.<\/p><p data-start=\"667\" data-end=\"985\">Con un tratamiento homeop\u00e1tico personalizado en M\u00e1laga, podr\u00e1s reforzar el sistema inmunol\u00f3gico, aliviar alergias, mejorar trastornos digestivos, reducir el estr\u00e9s y apoyar el bienestar emocional. Nuestro especialista est\u00e1 reconocido como <strong data-start=\"906\" data-end=\"926\">home\u00f3pata m\u00e1laga<\/strong>, lo que garantiza un enfoque profesional y de confianza.<\/p><p data-start=\"987\" data-end=\"1151\">La homeopat\u00eda se combina de manera eficaz con fitoterapia, iridolog\u00eda y dietas personalizadas, creando un plan integral que atiende tanto el cuerpo como la mente.<\/p><p data-start=\"1153\" data-end=\"1350\">En <strong data-start=\"1156\" data-end=\"1178\">Consulta Cervantes<\/strong> ofrecemos un trato humano y profesional. Cada persona recibe un estudio detallado y un acompa\u00f1amiento continuo para lograr resultados duraderos con homeopat\u00eda en M\u00e1laga.<\/p><p data-start=\"1352\" data-end=\"1515\">Recupera tu equilibrio natural con un m\u00e9todo probado y respetuoso. Agenda tu cita de <strong data-start=\"1437\" data-end=\"1461\">homeopat\u00eda en M\u00e1laga<\/strong> y descubre c\u00f3mo mejorar tu salud de manera natural.<\/p>\t\t\t\t\t\t\t\t<\/div>\n\t\t\t\t<\/div>\n\t\t\t\t\t<\/div>\n\t\t\t\t<\/div>\n\t\t<div class=\"elementor-element elementor-element-81e0f53 e-flex e-con-boxed e-con e-parent\" data-id=\"81e0f53\" data-element_type=\"container\">\n\t\t\t\t\t<div class=\"e-con-inner\">\n\t\t\t\t<div class=\"elementor-element elementor-element-f86484d elementor-widget elementor-widget-heading\" data-id=\"f86484d\" data-element_type=\"widget\" data-widget_type=\"heading.default\">\n\t\t\t\t<div class=\"elementor-widget-container\">\n\t\t\t\t\t<h2 class=\"elementor-heading-title elementor-size-default\">Preguntas frecuentes<\/h2>\t\t\t\t<\/div>\n\t\t\t\t<\/div>\n\t\t\t\t<div class=\"elementor-element elementor-element-a322f1b elementor-widget elementor-widget-eael-adv-accordion\" data-id=\"a322f1b\" data-element_type=\"widget\" data-widget_type=\"eael-adv-accordion.default\">\n\t\t\t\t<div class=\"elementor-widget-container\">\n\t\t\t\t\t            <div class=\"eael-adv-accordion\" id=\"eael-adv-accordion-a322f1b\" data-scroll-on-click=\"no\" data-scroll-speed=\"300\" data-accordion-id=\"a322f1b\" data-accordion-type=\"accordion\" data-toogle-speed=\"300\">\n            <div class=\"eael-accordion-list\">\n\t\t\t\t\t<div id=\"qu-es-la-homeopata-y-cmo-funciona\" class=\"elementor-tab-title eael-accordion-header\" tabindex=\"0\" data-tab=\"1\" aria-controls=\"elementor-tab-content-1711\"><span class=\"eael-advanced-accordion-icon-closed\"><i aria-hidden=\"true\" class=\"fa-accordion-icon fas fa-plus\"><\/i><\/span><span class=\"eael-advanced-accordion-icon-opened\"><i aria-hidden=\"true\" class=\"fa-accordion-icon fas fa-minus\"><\/i><\/span><span class=\"eael-accordion-tab-title\">\u00bfQu\u00e9 es la homeopat\u00eda y c\u00f3mo funciona?<\/span><i aria-hidden=\"true\" class=\"fa-toggle fas fa-angle-right\"><\/i><\/div><div id=\"elementor-tab-content-1711\" class=\"eael-accordion-content clearfix\" data-tab=\"1\" aria-labelledby=\"qu-es-la-homeopata-y-cmo-funciona\"><p>La homeopat\u00eda se basa en el principio de \u201clo similar cura lo similar\u201d, utilizando remedios naturales en dosis m\u00ednimas para estimular la autocuraci\u00f3n del cuerpo.<\/p><p>\u00a0<\/p><\/div>\n\t\t\t\t\t<\/div><div class=\"eael-accordion-list\">\n\t\t\t\t\t<div id=\"la-homeopata-es-segura\" class=\"elementor-tab-title eael-accordion-header\" tabindex=\"0\" data-tab=\"2\" aria-controls=\"elementor-tab-content-1712\"><span class=\"eael-advanced-accordion-icon-closed\"><i aria-hidden=\"true\" class=\"fa-accordion-icon fas fa-plus\"><\/i><\/span><span class=\"eael-advanced-accordion-icon-opened\"><i aria-hidden=\"true\" class=\"fa-accordion-icon fas fa-minus\"><\/i><\/span><span class=\"eael-accordion-tab-title\">\u00bfLa homeopat\u00eda es segura?<\/span><i aria-hidden=\"true\" class=\"fa-toggle fas fa-angle-right\"><\/i><\/div><div id=\"elementor-tab-content-1712\" class=\"eael-accordion-content clearfix\" data-tab=\"2\" aria-labelledby=\"la-homeopata-es-segura\"><p>S\u00ed, los remedios homeop\u00e1ticos son seguros, no invasivos y pueden usarse en adultos, ni\u00f1os e incluso personas con sensibilidad a medicamentos.<\/p><p>\u00a0<\/p><\/div>\n\t\t\t\t\t<\/div><div class=\"eael-accordion-list\">\n\t\t\t\t\t<div id=\"qu-problemas-de-salud-trata-la-homeopata\" class=\"elementor-tab-title eael-accordion-header\" tabindex=\"0\" data-tab=\"3\" aria-controls=\"elementor-tab-content-1713\"><span class=\"eael-advanced-accordion-icon-closed\"><i aria-hidden=\"true\" class=\"fa-accordion-icon fas fa-plus\"><\/i><\/span><span class=\"eael-advanced-accordion-icon-opened\"><i aria-hidden=\"true\" class=\"fa-accordion-icon fas fa-minus\"><\/i><\/span><span class=\"eael-accordion-tab-title\">\u00bfQu\u00e9 problemas de salud trata la homeopat\u00eda?<\/span><i aria-hidden=\"true\" class=\"fa-toggle fas fa-angle-right\"><\/i><\/div><div id=\"elementor-tab-content-1713\" class=\"eael-accordion-content clearfix\" data-tab=\"3\" aria-labelledby=\"qu-problemas-de-salud-trata-la-homeopata\"><p>Se utiliza para alergias, insomnio, ansiedad, problemas digestivos, dolores cr\u00f3nicos y para fortalecer las defensas de manera natural.<\/p><p>\u00a0<\/p><\/div>\n\t\t\t\t\t<\/div><div class=\"eael-accordion-list\">\n\t\t\t\t\t<div id=\"cunto-tiempo-tarda-en-hacer-efecto-un-tratamiento-homeoptico\" class=\"elementor-tab-title eael-accordion-header\" tabindex=\"0\" data-tab=\"4\" aria-controls=\"elementor-tab-content-1714\"><span class=\"eael-advanced-accordion-icon-closed\"><i aria-hidden=\"true\" class=\"fa-accordion-icon fas fa-plus\"><\/i><\/span><span class=\"eael-advanced-accordion-icon-opened\"><i aria-hidden=\"true\" class=\"fa-accordion-icon fas fa-minus\"><\/i><\/span><span class=\"eael-accordion-tab-title\">\u00bfCu\u00e1nto tiempo tarda en hacer efecto un tratamiento homeop\u00e1tico?<\/span><i aria-hidden=\"true\" class=\"fa-toggle fas fa-angle-right\"><\/i><\/div><div id=\"elementor-tab-content-1714\" class=\"eael-accordion-content clearfix\" data-tab=\"4\" aria-labelledby=\"cunto-tiempo-tarda-en-hacer-efecto-un-tratamiento-homeoptico\"><p>Depende de cada persona y de la condici\u00f3n tratada, pero muchas veces se perciben mejoras en las primeras semanas.<\/p><p>\u00a0<\/p><\/div>\n\t\t\t\t\t<\/div><div class=\"eael-accordion-list\">\n\t\t\t\t\t<div id=\"dnde-puedo-encontrar-homeopata-en-mlaga\" class=\"elementor-tab-title eael-accordion-header\" tabindex=\"0\" data-tab=\"5\" aria-controls=\"elementor-tab-content-1715\"><span class=\"eael-advanced-accordion-icon-closed\"><i aria-hidden=\"true\" class=\"fa-accordion-icon fas fa-plus\"><\/i><\/span><span class=\"eael-advanced-accordion-icon-opened\"><i aria-hidden=\"true\" class=\"fa-accordion-icon fas fa-minus\"><\/i><\/span><span class=\"eael-accordion-tab-title\">\u00bfD\u00f3nde puedo encontrar homeopat\u00eda en M\u00e1laga?<\/span><i aria-hidden=\"true\" class=\"fa-toggle fas fa-angle-right\"><\/i><\/div><div id=\"elementor-tab-content-1715\" class=\"eael-accordion-content clearfix\" data-tab=\"5\" aria-labelledby=\"dnde-puedo-encontrar-homeopata-en-mlaga\"><p>En <strong>Consulta Cervantes<\/strong> ofrecemos tratamientos homeop\u00e1ticos en M\u00e1laga con un enfoque profesional, humano y totalmente personalizado.<\/p><\/div>\n\t\t\t\t\t<\/div><\/div>\t\t\t\t<\/div>\n\t\t\t\t<\/div>\n\t\t\t\t\t<\/div>\n\t\t\t\t<\/div>\n\t\t\t\t<\/div>\n\t\t","protected":false},"excerpt":{"rendered":"<p>Homeopat\u00eda en M\u00e1laga | Terapias Naturales Seguras En Consulta Cervantes en M\u00e1laga, aplicamos la homeopat\u00eda como una terapia natural y segura que ayuda a equilibrar el organismo, estimular la capacidad de autocuraci\u00f3n y mejorar la calidad de vida. La homeopat\u00eda en M\u00e1laga utiliza remedios naturales en dosis muy peque\u00f1as que trabajan de forma suave, sin [&hellip;]<\/p>\n","protected":false},"author":1,"featured_media":0,"parent":0,"menu_order":0,"comment_status":"closed","ping_status":"closed","template":"elementor_header_footer","meta":{"_joinchat":[],"footnotes":""},"_links":{"self":[{"href":"https:\/\/consultacervantes.com\/index.php\/wp-json\/wp\/v2\/pages\/1671"}],"collection":[{"href":"https:\/\/consultacervantes.com\/index.php\/wp-json\/wp\/v2\/pages"}],"about":[{"href":"https:\/\/consultacervantes.com\/index.php\/wp-json\/wp\/v2\/types\/page"}],"author":[{"embeddable":true,"href":"https:\/\/consultacervantes.com\/index.php\/wp-json\/wp\/v2\/users\/1"}],"replies":[{"embeddable":true,"href":"https:\/\/consultacervantes.com\/index.php\/wp-json\/wp\/v2\/comments?post=1671"}],"version-history":[{"count":10,"href":"https:\/\/consultacervantes.com\/index.php\/wp-json\/wp\/v2\/pages\/1671\/revisions"}],"predecessor-version":[{"id":1808,"href":"https:\/\/consultacervantes.com\/index.php\/wp-json\/wp\/v2\/pages\/1671\/revisions\/1808"}],"wp:attachment":[{"href":"https:\/\/consultacervantes.com\/index.php\/wp-json\/wp\/v2\/media?parent=1671"}],"curies":[{"name":"wp","href":"https:\/\/api.w.org\/{rel}","templated":true}]}}