{"id":1649,"date":"2025-09-15T19:40:48","date_gmt":"2025-09-15T17:40:48","guid":{"rendered":"https:\/\/consultacervantes.com\/?page_id=1649"},"modified":"2025-09-15T20:06:56","modified_gmt":"2025-09-15T18:06:56","slug":"iridologia","status":"publish","type":"page","link":"https:\/\/consultacervantes.com\/index.php\/iridologia\/","title":{"rendered":"Iridolog\u00eda"},"content":{"rendered":"\t\t<div data-elementor-type=\"wp-page\" data-elementor-id=\"1649\" class=\"elementor elementor-1649\">\n\t\t\t\t<div class=\"elementor-element elementor-element-f260364 e-flex e-con-boxed e-con e-parent\" data-id=\"f260364\" data-element_type=\"container\">\n\t\t\t\t\t<div class=\"e-con-inner\">\n\t\t\t\t<div class=\"elementor-element elementor-element-bf03b5b elementor-widget elementor-widget-heading\" data-id=\"bf03b5b\" data-element_type=\"widget\" data-widget_type=\"heading.default\">\n\t\t\t\t<div class=\"elementor-widget-container\">\n\t\t\t\t\t<h2 class=\"elementor-heading-title elementor-size-default\">Iridolog\u00eda en M\u00e1laga \u2013 An\u00e1lisis Natural de tu Salud<\/h2>\t\t\t\t<\/div>\n\t\t\t\t<\/div>\n\t\t\t\t<div class=\"elementor-element elementor-element-65a0b85 elementor-widget elementor-widget-image\" data-id=\"65a0b85\" data-element_type=\"widget\" data-widget_type=\"image.default\">\n\t\t\t\t<div class=\"elementor-widget-container\">\n\t\t\t\t\t\t\t\t\t\t\t\t\t\t\t<img fetchpriority=\"high\" decoding=\"async\" width=\"600\" height=\"338\" src=\"https:\/\/consultacervantes.com\/wp-content\/uploads\/2025\/09\/Iridologia-en-Malaga-\u2013-Analisis-Natural-de-tu-Salud.webp\" class=\"attachment-kava-thumb-xl size-kava-thumb-xl wp-image-1652\" alt=\"Iridolog\u00eda en M\u00e1laga \u2013 An\u00e1lisis Natural de tu Salud\" srcset=\"https:\/\/consultacervantes.com\/wp-content\/uploads\/2025\/09\/Iridologia-en-Malaga-\u2013-Analisis-Natural-de-tu-Salud.webp 600w, https:\/\/consultacervantes.com\/wp-content\/uploads\/2025\/09\/Iridologia-en-Malaga-\u2013-Analisis-Natural-de-tu-Salud-300x169.webp 300w, https:\/\/consultacervantes.com\/wp-content\/uploads\/2025\/09\/Iridologia-en-Malaga-\u2013-Analisis-Natural-de-tu-Salud-150x85.webp 150w\" sizes=\"(max-width: 600px) 100vw, 600px\" \/>\t\t\t\t\t\t\t\t\t\t\t\t\t\t\t<\/div>\n\t\t\t\t<\/div>\n\t\t\t\t<div class=\"elementor-element elementor-element-e1a3807 elementor-widget elementor-widget-text-editor\" data-id=\"e1a3807\" data-element_type=\"widget\" data-widget_type=\"text-editor.default\">\n\t\t\t\t<div class=\"elementor-widget-container\">\n\t\t\t\t\t\t\t\t\t<p>La <strong data-start=\"475\" data-end=\"499\">iridolog\u00eda en M\u00e1laga<\/strong> es una t\u00e9cnica natural que analiza el iris del ojo para identificar desequilibrios en el organismo. En Consulta Cervantes ofrecemos un enfoque cercano y profesional para mejorar tu bienestar desde la ra\u00edz.<\/p><p data-start=\"709\" data-end=\"953\">La iridolog\u00eda consiste en observar el iris como un mapa que refleja el estado de los \u00f3rganos y sistemas. No sustituye a un diagn\u00f3stico m\u00e9dico, pero ayuda a personalizar <strong data-start=\"910\" data-end=\"950\">tratamientos naturales y preventivos<\/strong>.<\/p><p data-start=\"955\" data-end=\"1198\">Con la <strong data-start=\"996\" data-end=\"1032\">consulta de iridolog\u00eda en M\u00e1laga<\/strong>, podr\u00e1s detectar posibles problemas digestivos, de estr\u00e9s, inmunol\u00f3gicos o metab\u00f3licos antes de que se agraven, favoreciendo la prevenci\u00f3n y el equilibrio general.<\/p><p data-start=\"1200\" data-end=\"1434\">La iridolog\u00eda se combina con otras terapias naturales como <strong data-start=\"1293\" data-end=\"1360\">fitoterapia, homeopat\u00eda, dietas personalizadas y flores de Bach<\/strong>, potenciando resultados y ofreciendo un plan integral de salud natural.<\/p><p data-start=\"1436\" data-end=\"1683\">Si buscas un <strong data-start=\"1493\" data-end=\"1530\">terapeuta de iridolog\u00eda en M\u00e1laga<\/strong>, en Consulta Cervantes encontrar\u00e1s experiencia, trato humano y soluciones adaptadas a cada persona, siempre desde un enfoque respetuoso y no invasivo.<\/p><p data-start=\"1685\" data-end=\"1889\">Mejora tu calidad de vida con un m\u00e9todo natural y seguro. Agenda ahora tu <strong data-start=\"1790\" data-end=\"1822\">cita de iridolog\u00eda en M\u00e1laga<\/strong> y da el primer paso hacia un cuidado preventivo y personalizado.<\/p>\t\t\t\t\t\t\t\t<\/div>\n\t\t\t\t<\/div>\n\t\t\t\t\t<\/div>\n\t\t\t\t<\/div>\n\t\t<div class=\"elementor-element elementor-element-81b3498 e-flex e-con-boxed e-con e-parent\" data-id=\"81b3498\" data-element_type=\"container\">\n\t\t\t\t\t<div class=\"e-con-inner\">\n\t\t\t\t<div class=\"elementor-element elementor-element-cbc10a7 elementor-widget elementor-widget-heading\" data-id=\"cbc10a7\" data-element_type=\"widget\" data-widget_type=\"heading.default\">\n\t\t\t\t<div class=\"elementor-widget-container\">\n\t\t\t\t\t<h2 class=\"elementor-heading-title elementor-size-default\">Preguntas frecuentes<\/h2>\t\t\t\t<\/div>\n\t\t\t\t<\/div>\n\t\t\t\t<div class=\"elementor-element elementor-element-c1d6bd1 elementor-widget elementor-widget-eael-adv-accordion\" data-id=\"c1d6bd1\" data-element_type=\"widget\" data-widget_type=\"eael-adv-accordion.default\">\n\t\t\t\t<div class=\"elementor-widget-container\">\n\t\t\t\t\t            <div class=\"eael-adv-accordion\" id=\"eael-adv-accordion-c1d6bd1\" data-scroll-on-click=\"no\" data-scroll-speed=\"300\" data-accordion-id=\"c1d6bd1\" data-accordion-type=\"accordion\" data-toogle-speed=\"300\">\n            <div class=\"eael-accordion-list\">\n\t\t\t\t\t<div id=\"la-iridologa-puede-detectar-enfermedades\" class=\"elementor-tab-title eael-accordion-header\" tabindex=\"0\" data-tab=\"1\" aria-controls=\"elementor-tab-content-2031\"><span class=\"eael-advanced-accordion-icon-closed\"><i aria-hidden=\"true\" class=\"fa-accordion-icon fas fa-plus\"><\/i><\/span><span class=\"eael-advanced-accordion-icon-opened\"><i aria-hidden=\"true\" class=\"fa-accordion-icon fas fa-minus\"><\/i><\/span><span class=\"eael-accordion-tab-title\">\u00bfLa iridolog\u00eda puede detectar enfermedades?<\/span><i aria-hidden=\"true\" class=\"fa-toggle fas fa-angle-right\"><\/i><\/div><div id=\"elementor-tab-content-2031\" class=\"eael-accordion-content clearfix\" data-tab=\"1\" aria-labelledby=\"la-iridologa-puede-detectar-enfermedades\"><p>No sustituye a un diagn\u00f3stico m\u00e9dico, pero permite identificar desequilibrios y \u00e1reas d\u00e9biles para trabajar en prevenci\u00f3n y terapias naturales.<\/p><\/div>\n\t\t\t\t\t<\/div><div class=\"eael-accordion-list\">\n\t\t\t\t\t<div id=\"es-doloroso-el-anlisis-del-iris\" class=\"elementor-tab-title eael-accordion-header\" tabindex=\"0\" data-tab=\"2\" aria-controls=\"elementor-tab-content-2032\"><span class=\"eael-advanced-accordion-icon-closed\"><i aria-hidden=\"true\" class=\"fa-accordion-icon fas fa-plus\"><\/i><\/span><span class=\"eael-advanced-accordion-icon-opened\"><i aria-hidden=\"true\" class=\"fa-accordion-icon fas fa-minus\"><\/i><\/span><span class=\"eael-accordion-tab-title\">\u00bfEs doloroso el an\u00e1lisis del iris?<\/span><i aria-hidden=\"true\" class=\"fa-toggle fas fa-angle-right\"><\/i><\/div><div id=\"elementor-tab-content-2032\" class=\"eael-accordion-content clearfix\" data-tab=\"2\" aria-labelledby=\"es-doloroso-el-anlisis-del-iris\"><p>No, es un procedimiento completamente indoloro y no invasivo, solo se observa el iris con luz y lentes espec\u00edficas.<\/p><\/div>\n\t\t\t\t\t<\/div><div class=\"eael-accordion-list\">\n\t\t\t\t\t<div id=\"cunto-dura-una-consulta-de-iridologa\" class=\"elementor-tab-title eael-accordion-header\" tabindex=\"0\" data-tab=\"3\" aria-controls=\"elementor-tab-content-2033\"><span class=\"eael-advanced-accordion-icon-closed\"><i aria-hidden=\"true\" class=\"fa-accordion-icon fas fa-plus\"><\/i><\/span><span class=\"eael-advanced-accordion-icon-opened\"><i aria-hidden=\"true\" class=\"fa-accordion-icon fas fa-minus\"><\/i><\/span><span class=\"eael-accordion-tab-title\">\u00bfCu\u00e1nto dura una consulta de iridolog\u00eda?<\/span><i aria-hidden=\"true\" class=\"fa-toggle fas fa-angle-right\"><\/i><\/div><div id=\"elementor-tab-content-2033\" class=\"eael-accordion-content clearfix\" data-tab=\"3\" aria-labelledby=\"cunto-dura-una-consulta-de-iridologa\"><p>Generalmente entre 30 y 45 minutos, dependiendo de cada caso y de las preguntas del paciente.<\/p><\/div>\n\t\t\t\t\t<\/div><div class=\"eael-accordion-list\">\n\t\t\t\t\t<div id=\"quin-puede-beneficiarse-de-la-iridologa\" class=\"elementor-tab-title eael-accordion-header\" tabindex=\"0\" data-tab=\"4\" aria-controls=\"elementor-tab-content-2034\"><span class=\"eael-advanced-accordion-icon-closed\"><i aria-hidden=\"true\" class=\"fa-accordion-icon fas fa-plus\"><\/i><\/span><span class=\"eael-advanced-accordion-icon-opened\"><i aria-hidden=\"true\" class=\"fa-accordion-icon fas fa-minus\"><\/i><\/span><span class=\"eael-accordion-tab-title\">\u00bfQui\u00e9n puede beneficiarse de la iridolog\u00eda?<\/span><i aria-hidden=\"true\" class=\"fa-toggle fas fa-angle-right\"><\/i><\/div><div id=\"elementor-tab-content-2034\" class=\"eael-accordion-content clearfix\" data-tab=\"4\" aria-labelledby=\"quin-puede-beneficiarse-de-la-iridologa\"><p>Personas que buscan mejorar su salud digestiva, fortalecer su sistema inmune, reducir el estr\u00e9s o recibir un plan natural de prevenci\u00f3n.<\/p><\/div>\n\t\t\t\t\t<\/div><div class=\"eael-accordion-list\">\n\t\t\t\t\t<div id=\"dnde-puedo-hacerme-una-consulta-de-iridologa-en-mlaga\" class=\"elementor-tab-title eael-accordion-header\" tabindex=\"0\" data-tab=\"5\" aria-controls=\"elementor-tab-content-2035\"><span class=\"eael-advanced-accordion-icon-closed\"><i aria-hidden=\"true\" class=\"fa-accordion-icon fas fa-plus\"><\/i><\/span><span class=\"eael-advanced-accordion-icon-opened\"><i aria-hidden=\"true\" class=\"fa-accordion-icon fas fa-minus\"><\/i><\/span><span class=\"eael-accordion-tab-title\">\u00bfD\u00f3nde puedo hacerme una consulta de iridolog\u00eda en M\u00e1laga?<\/span><i aria-hidden=\"true\" class=\"fa-toggle fas fa-angle-right\"><\/i><\/div><div id=\"elementor-tab-content-2035\" class=\"eael-accordion-content clearfix\" data-tab=\"5\" aria-labelledby=\"dnde-puedo-hacerme-una-consulta-de-iridologa-en-mlaga\"><p>En Consulta Cervantes ofrecemos <strong>iridolog\u00eda en M\u00e1laga<\/strong> con un enfoque profesional y cercano, adaptado a tus necesidades individuales.<\/p><\/div>\n\t\t\t\t\t<\/div><\/div>\t\t\t\t<\/div>\n\t\t\t\t<\/div>\n\t\t\t\t\t<\/div>\n\t\t\t\t<\/div>\n\t\t\t\t<\/div>\n\t\t","protected":false},"excerpt":{"rendered":"<p>Iridolog\u00eda en M\u00e1laga \u2013 An\u00e1lisis Natural de tu Salud La iridolog\u00eda en M\u00e1laga es una t\u00e9cnica natural que analiza el iris del ojo para identificar desequilibrios en el organismo. En Consulta Cervantes ofrecemos un enfoque cercano y profesional para mejorar tu bienestar desde la ra\u00edz. La iridolog\u00eda consiste en observar el iris como un mapa [&hellip;]<\/p>\n","protected":false},"author":1,"featured_media":0,"parent":0,"menu_order":0,"comment_status":"closed","ping_status":"closed","template":"elementor_header_footer","meta":{"_joinchat":[],"footnotes":""},"_links":{"self":[{"href":"https:\/\/consultacervantes.com\/index.php\/wp-json\/wp\/v2\/pages\/1649"}],"collection":[{"href":"https:\/\/consultacervantes.com\/index.php\/wp-json\/wp\/v2\/pages"}],"about":[{"href":"https:\/\/consultacervantes.com\/index.php\/wp-json\/wp\/v2\/types\/page"}],"author":[{"embeddable":true,"href":"https:\/\/consultacervantes.com\/index.php\/wp-json\/wp\/v2\/users\/1"}],"replies":[{"embeddable":true,"href":"https:\/\/consultacervantes.com\/index.php\/wp-json\/wp\/v2\/comments?post=1649"}],"version-history":[{"count":5,"href":"https:\/\/consultacervantes.com\/index.php\/wp-json\/wp\/v2\/pages\/1649\/revisions"}],"predecessor-version":[{"id":1657,"href":"https:\/\/consultacervantes.com\/index.php\/wp-json\/wp\/v2\/pages\/1649\/revisions\/1657"}],"wp:attachment":[{"href":"https:\/\/consultacervantes.com\/index.php\/wp-json\/wp\/v2\/media?parent=1649"}],"curies":[{"name":"wp","href":"https:\/\/api.w.org\/{rel}","templated":true}]}}